






{"id":24,"date":"2021-06-15T15:46:06","date_gmt":"2021-06-15T13:46:06","guid":{"rendered":"https:\/\/www.techniciendesante.fr\/annemasse-saint-julien\/?page_id=24"},"modified":"2026-01-06T08:37:01","modified_gmt":"2026-01-06T07:37:01","slug":"contact-magasin-annemasse","status":"publish","type":"page","link":"https:\/\/www.techniciendesante.fr\/magasins\/annemasse-saint-julien\/contact-magasin-annemasse\/","title":{"rendered":"Contact du magasin de mat\u00e9riel m\u00e9dical d&rsquo;Annemasse"},"content":{"rendered":"<div class=\"fusion-fullwidth fullwidth-box fusion-builder-row-1 fusion-flex-container nonhundred-percent-fullwidth non-hundred-percent-height-scrolling\" style=\"background-color: rgba(255,255,255,0);background-position: center center;background-repeat: no-repeat;border-width: 0px 0px 0px 0px;border-color:#e2e2e2;border-style:solid;\" ><div class=\"fusion-builder-row fusion-row fusion-flex-align-items-flex-start\" style=\"max-width:1996.8;margin-left: calc(-4% \/ 2 );margin-right: calc(-4% \/ 2 );\"><div class=\"fusion-layout-column fusion_builder_column fusion-builder-column-0 fusion_builder_column_1_1 1_1 fusion-flex-column\"><div class=\"fusion-column-wrapper fusion-flex-justify-content-flex-start fusion-content-layout-column\" style=\"background-position:left top;background-repeat:no-repeat;-webkit-background-size:cover;-moz-background-size:cover;-o-background-size:cover;background-size:cover;padding: 0px 0px 0px 0px;\"><div class=\"fusion-text fusion-text-1\" style=\"transform:translate3d(0,0,0);\"><h1 style=\"text-align: center;\">Contact <span style=\"color: #0096da;\">magasin Annemasse<br \/>\n<\/span><\/h1>\n<p style=\"text-align: center;\"><strong>____________________________________________<\/strong><\/p>\n<div class=\"pos-top pos-center align_left column_parent col-lg-12 boomapps_vccolumn single-internal-gutter\">\n<div class=\"uncol style-light\">\n<div class=\"uncoltable\">\n<h3 class=\"uncont\" style=\"text-align: center;\"><b>2 Avenue du Giffre<\/b><\/h3>\n<p style=\"text-align: center;\"><b>74100 <span class=\"ft25 alter_color\">\u2022<\/span> ANNEMASSE<\/b><\/p>\n<\/div>\n<\/div>\n<\/div>\n<\/div><div style=\"text-align:center;\"><style type=\"text\/css\">.fusion-button.button-1 {border-radius:6px;}<\/style><a class=\"fusion-button button-flat button-xlarge button-default button-1 fusion-button-default-span fusion-button-default-type fusion-animated\" data-animationType=\"fadeInUp\" data-animationDuration=\"0.9\" data-animationOffset=\"100%\" target=\"_self\" href=\"tel:0450370106\" style=\"margin-bottom:40px;\"><i class=\"fa-phone-alt fas button-icon-left\" aria-hidden=\"true\"><\/i><span class=\"fusion-button-text\">04 50 37 01 06<\/span><\/a><\/div><div align=\"center\"><iframe src=\"https:\/\/www.google.com\/maps\/embed?pb=!1m14!1m8!1m3!1d11046.67159569782!2d6.2384333!3d46.197167!3m2!1i1024!2i768!4f13.1!3m3!1m2!1s0x0%3A0xae08a63c1a0cad28!2sTechnicien%20de%20sant%C3%A9%20La%20Vitrine%20M%C3%A9dicale%20Annemasse!5e0!3m2!1sfr!2sfr!4v1631626624779!5m2!1sfr!2sfr\" width=\"800\" height=\"600\" style=\"border:0;\" allowfullscreen=\"\" loading=\"lazy\"><\/iframe><\/center><a href=\"https:\/\/www.doctolib.fr\/cabinet-paramedical\/annemasse\/technicien-de-sante\/booking?utm_campaign=website-button&utm_source=technicien-de-sante-website-button&utm_medium=referral&utm_content=withoutpreview-blue-floating-bottom-right&utm_term=technicien-de-sante\" style=\"display:flex;text-align:center;background-color:#107ACA;color:#ffffff;font-size:14px;overflow:hidden;font-family:Roboto, sans-serif;box-sizing:border-box;align-items:center;padding:0 24px;z-index:1000;height:48px;text-decoration:none;position:fixed;bottom:16px;right:16px;border-bottom-left-radius:none;border-bottom-right-radius:none;border-top-left-radius:4px;border-top-right-radius:4px;border-radius:24px\" target=\"_blank\"> <!-- -->Prendre rendez-vous<!-- --> <img decoding=\"async\" style=\"height:19px;vertical-align:middle;width:auto\" src=\"https:\/\/pro.doctolib.fr\/external_button\/doctolib-white-transparent.png\" alt=\"Doctolib\"\/><\/a>\n<\/div><\/div><style type=\"text\/css\">.fusion-body .fusion-builder-column-0{width:100% !important;margin-top : 0px;margin-bottom : 20px;}.fusion-builder-column-0 > .fusion-column-wrapper {padding-top : 0px !important;padding-right : 0px !important;margin-right : 1.92%;padding-bottom : 0px !important;padding-left : 0px !important;margin-left : 1.92%;}@media only screen and (max-width:1024px) {.fusion-body .fusion-builder-column-0{width:100% !important;order : 0;}.fusion-builder-column-0 > .fusion-column-wrapper {margin-right : 1.92%;margin-left : 1.92%;}}@media only screen and (max-width:640px) {.fusion-body .fusion-builder-column-0{width:100% !important;order : 0;}.fusion-builder-column-0 > .fusion-column-wrapper {margin-right : 1.92%;margin-left : 1.92%;}}<\/style><\/div><style type=\"text\/css\">.fusion-body .fusion-flex-container.fusion-builder-row-1{ padding-top : 0px;margin-top : 0px;padding-right : 150px;padding-bottom : 0px;margin-bottom : 0px;padding-left : 150px;}<\/style><\/div>\n","protected":false},"excerpt":{"rendered":"","protected":false},"author":5,"featured_media":0,"parent":0,"menu_order":0,"comment_status":"closed","ping_status":"closed","template":"","meta":{"footnotes":""},"yoast_head":"<!-- This site is optimized with the Yoast SEO plugin v22.0 - https:\/\/yoast.com\/wordpress\/plugins\/seo\/ -->\n<title>Contact du magasin de mat\u00e9riel m\u00e9dical d&#039;Annemasse<\/title>\n<meta name=\"description\" content=\"Coordonn\u00e9es du magasin Technicien de sant\u00e9 Annemasse : adresse, t\u00e9l\u00e9phone et contact formulaire.\" \/>\n<meta name=\"robots\" content=\"index, follow, max-snippet:-1, max-image-preview:large, max-video-preview:-1\" \/>\n<link rel=\"canonical\" href=\"https:\/\/www.techniciendesante.fr\/magasins\/annemasse-saint-julien\/contact-magasin-annemasse\/\" \/>\n<meta property=\"og:locale\" content=\"fr_FR\" \/>\n<meta property=\"og:type\" content=\"article\" \/>\n<meta property=\"og:title\" content=\"Contact du magasin de mat\u00e9riel m\u00e9dical d&#039;Annemasse\" \/>\n<meta property=\"og:description\" content=\"Coordonn\u00e9es du magasin Technicien de sant\u00e9 Annemasse : adresse, t\u00e9l\u00e9phone et contact formulaire.\" \/>\n<meta property=\"og:url\" content=\"https:\/\/www.techniciendesante.fr\/magasins\/annemasse-saint-julien\/contact-magasin-annemasse\/\" \/>\n<meta property=\"og:site_name\" content=\"Annemasse saint julien\" \/>\n<meta property=\"article:modified_time\" content=\"2026-01-06T07:37:01+00:00\" \/>\n<meta name=\"twitter:card\" content=\"summary_large_image\" \/>\n<meta name=\"twitter:label1\" content=\"Dur\u00e9e de lecture estim\u00e9e\" \/>\n\t<meta name=\"twitter:data1\" content=\"2 minutes\" \/>\n<script type=\"application\/ld+json\" class=\"yoast-schema-graph\">{\"@context\":\"https:\/\/schema.org\",\"@graph\":[{\"@type\":\"WebPage\",\"@id\":\"https:\/\/www.techniciendesante.fr\/magasins\/annemasse-saint-julien\/contact-magasin-annemasse\/\",\"url\":\"https:\/\/www.techniciendesante.fr\/magasins\/annemasse-saint-julien\/contact-magasin-annemasse\/\",\"name\":\"Contact du magasin de mat\u00e9riel m\u00e9dical d'Annemasse\",\"isPartOf\":{\"@id\":\"https:\/\/www.techniciendesante.fr\/magasins\/annemasse-saint-julien\/#website\"},\"datePublished\":\"2021-06-15T13:46:06+00:00\",\"dateModified\":\"2026-01-06T07:37:01+00:00\",\"description\":\"Coordonn\u00e9es du magasin Technicien de sant\u00e9 Annemasse : adresse, t\u00e9l\u00e9phone et contact formulaire.\",\"breadcrumb\":{\"@id\":\"https:\/\/www.techniciendesante.fr\/magasins\/annemasse-saint-julien\/contact-magasin-annemasse\/#breadcrumb\"},\"inLanguage\":\"fr-FR\",\"potentialAction\":[{\"@type\":\"ReadAction\",\"target\":[\"https:\/\/www.techniciendesante.fr\/magasins\/annemasse-saint-julien\/contact-magasin-annemasse\/\"]}]},{\"@type\":\"BreadcrumbList\",\"@id\":\"https:\/\/www.techniciendesante.fr\/magasins\/annemasse-saint-julien\/contact-magasin-annemasse\/#breadcrumb\",\"itemListElement\":[{\"@type\":\"ListItem\",\"position\":1,\"name\":\"Accueil\",\"item\":\"https:\/\/www.techniciendesante.fr\/magasins\/annemasse-saint-julien\/\"},{\"@type\":\"ListItem\",\"position\":2,\"name\":\"Contact du magasin de mat\u00e9riel m\u00e9dical d&rsquo;Annemasse\"}]},{\"@type\":\"WebSite\",\"@id\":\"https:\/\/www.techniciendesante.fr\/magasins\/annemasse-saint-julien\/#website\",\"url\":\"https:\/\/www.techniciendesante.fr\/magasins\/annemasse-saint-julien\/\",\"name\":\"Annemasse saint julien\",\"description\":\"Technicien de sant\u00e9\",\"potentialAction\":[{\"@type\":\"SearchAction\",\"target\":{\"@type\":\"EntryPoint\",\"urlTemplate\":\"https:\/\/www.techniciendesante.fr\/magasins\/annemasse-saint-julien\/?s={search_term_string}\"},\"query-input\":\"required name=search_term_string\"}],\"inLanguage\":\"fr-FR\"}]}<\/script>\n<!-- \/ Yoast SEO plugin. -->","yoast_head_json":{"title":"Contact du magasin de mat\u00e9riel m\u00e9dical d'Annemasse","description":"Coordonn\u00e9es du magasin Technicien de sant\u00e9 Annemasse : adresse, t\u00e9l\u00e9phone et contact formulaire.","robots":{"index":"index","follow":"follow","max-snippet":"max-snippet:-1","max-image-preview":"max-image-preview:large","max-video-preview":"max-video-preview:-1"},"canonical":"https:\/\/www.techniciendesante.fr\/magasins\/annemasse-saint-julien\/contact-magasin-annemasse\/","og_locale":"fr_FR","og_type":"article","og_title":"Contact du magasin de mat\u00e9riel m\u00e9dical d'Annemasse","og_description":"Coordonn\u00e9es du magasin Technicien de sant\u00e9 Annemasse : adresse, t\u00e9l\u00e9phone et contact formulaire.","og_url":"https:\/\/www.techniciendesante.fr\/magasins\/annemasse-saint-julien\/contact-magasin-annemasse\/","og_site_name":"Annemasse saint julien","article_modified_time":"2026-01-06T07:37:01+00:00","twitter_card":"summary_large_image","twitter_misc":{"Dur\u00e9e de lecture estim\u00e9e":"2 minutes"},"schema":{"@context":"https:\/\/schema.org","@graph":[{"@type":"WebPage","@id":"https:\/\/www.techniciendesante.fr\/magasins\/annemasse-saint-julien\/contact-magasin-annemasse\/","url":"https:\/\/www.techniciendesante.fr\/magasins\/annemasse-saint-julien\/contact-magasin-annemasse\/","name":"Contact du magasin de mat\u00e9riel m\u00e9dical d'Annemasse","isPartOf":{"@id":"https:\/\/www.techniciendesante.fr\/magasins\/annemasse-saint-julien\/#website"},"datePublished":"2021-06-15T13:46:06+00:00","dateModified":"2026-01-06T07:37:01+00:00","description":"Coordonn\u00e9es du magasin Technicien de sant\u00e9 Annemasse : adresse, t\u00e9l\u00e9phone et contact formulaire.","breadcrumb":{"@id":"https:\/\/www.techniciendesante.fr\/magasins\/annemasse-saint-julien\/contact-magasin-annemasse\/#breadcrumb"},"inLanguage":"fr-FR","potentialAction":[{"@type":"ReadAction","target":["https:\/\/www.techniciendesante.fr\/magasins\/annemasse-saint-julien\/contact-magasin-annemasse\/"]}]},{"@type":"BreadcrumbList","@id":"https:\/\/www.techniciendesante.fr\/magasins\/annemasse-saint-julien\/contact-magasin-annemasse\/#breadcrumb","itemListElement":[{"@type":"ListItem","position":1,"name":"Accueil","item":"https:\/\/www.techniciendesante.fr\/magasins\/annemasse-saint-julien\/"},{"@type":"ListItem","position":2,"name":"Contact du magasin de mat\u00e9riel m\u00e9dical d&rsquo;Annemasse"}]},{"@type":"WebSite","@id":"https:\/\/www.techniciendesante.fr\/magasins\/annemasse-saint-julien\/#website","url":"https:\/\/www.techniciendesante.fr\/magasins\/annemasse-saint-julien\/","name":"Annemasse saint julien","description":"Technicien de sant\u00e9","potentialAction":[{"@type":"SearchAction","target":{"@type":"EntryPoint","urlTemplate":"https:\/\/www.techniciendesante.fr\/magasins\/annemasse-saint-julien\/?s={search_term_string}"},"query-input":"required name=search_term_string"}],"inLanguage":"fr-FR"}]}},"_links":{"self":[{"href":"https:\/\/www.techniciendesante.fr\/magasins\/annemasse-saint-julien\/wp-json\/wp\/v2\/pages\/24"}],"collection":[{"href":"https:\/\/www.techniciendesante.fr\/magasins\/annemasse-saint-julien\/wp-json\/wp\/v2\/pages"}],"about":[{"href":"https:\/\/www.techniciendesante.fr\/magasins\/annemasse-saint-julien\/wp-json\/wp\/v2\/types\/page"}],"author":[{"embeddable":true,"href":"https:\/\/www.techniciendesante.fr\/magasins\/annemasse-saint-julien\/wp-json\/wp\/v2\/users\/5"}],"replies":[{"embeddable":true,"href":"https:\/\/www.techniciendesante.fr\/magasins\/annemasse-saint-julien\/wp-json\/wp\/v2\/comments?post=24"}],"version-history":[{"count":63,"href":"https:\/\/www.techniciendesante.fr\/magasins\/annemasse-saint-julien\/wp-json\/wp\/v2\/pages\/24\/revisions"}],"predecessor-version":[{"id":752,"href":"https:\/\/www.techniciendesante.fr\/magasins\/annemasse-saint-julien\/wp-json\/wp\/v2\/pages\/24\/revisions\/752"}],"wp:attachment":[{"href":"https:\/\/www.techniciendesante.fr\/magasins\/annemasse-saint-julien\/wp-json\/wp\/v2\/media?parent=24"}],"curies":[{"name":"wp","href":"https:\/\/api.w.org\/{rel}","templated":true}]}}