






{"id":10,"date":"2021-06-15T15:35:59","date_gmt":"2021-06-15T13:35:59","guid":{"rendered":"https:\/\/www.techniciendesante.fr\/o-plus-medical\/?page_id=10"},"modified":"2021-09-30T15:30:21","modified_gmt":"2021-09-30T13:30:21","slug":"orthopedie","status":"publish","type":"page","link":"https:\/\/www.techniciendesante.fr\/magasins\/o-plus-medical\/orthopedie\/","title":{"rendered":"Orthop\u00e9die et proth\u00e8ses sur mesure (Deux-S\u00e8vres 79)"},"content":{"rendered":"<div class=\"fusion-fullwidth fullwidth-box fusion-builder-row-1 fusion-flex-container nonhundred-percent-fullwidth non-hundred-percent-height-scrolling\" style=\"background-color: rgba(255,255,255,0);background-position: center center;background-repeat: no-repeat;border-width: 0px 0px 0px 0px;border-color:#e2e2e2;border-style:solid;\" ><div class=\"fusion-builder-row fusion-row fusion-flex-align-items-flex-start\" style=\"max-width:1996.8;margin-left: calc(-4% \/ 2 );margin-right: calc(-4% \/ 2 );\"><div class=\"fusion-layout-column fusion_builder_column fusion-builder-column-0 fusion_builder_column_1_1 1_1 fusion-flex-column\"><div class=\"fusion-column-wrapper fusion-flex-justify-content-flex-start fusion-content-layout-column\" style=\"background-position:left top;background-repeat:no-repeat;-webkit-background-size:cover;-moz-background-size:cover;-o-background-size:cover;background-size:cover;padding: 0px 0px 0px 0px;\"><div class=\"fusion-text fusion-text-1\" style=\"transform:translate3d(0,0,0);\"><h1 style=\"text-align: center;\">Orthop\u00e9die <span style=\"color: #0096da;\">sur-mesure<\/span><\/h1>\n<p style=\"text-align: center;\"><strong>____________________________________________<\/strong><\/p>\n<h2><span style=\"color: #0096da;\">L\u2019\u00e9quipement adapt\u00e9 \u00e0 vos besoins\u2026 l\u2019expertise et le conseil en plus.<br \/>\n<\/span><\/h2>\n<p>Notre\u00a0<strong>orthop\u00e9diste orth\u00e9siste podologiste<\/strong>\u00a0choisit, adapte et d\u00e9livre des\u00a0<strong>ORTHESES DE SERIE,<\/strong> ou con\u00e7oit et r\u00e9alise des\u00a0<strong>ORTHESES SUR-MESURE.<\/strong> Puis met en place le traitement m\u00e9dical personnalis\u00e9. Vous \u00eates accompagn\u00e9 lors des diff\u00e9rentes \u00e9tapes de votre appareillage.<\/p>\n<p>Votre magasin Technicien de sant\u00e9 vous propose un <strong>tr\u00e8s large choix de produits adapt\u00e9s \u00e0 vos interventions orthop\u00e9diques.\u00a0<\/strong>\u00a0Une attelle est un dispositif m\u00e9dical destin\u00e9 \u00e0 immobiliser ou \u00e0 soutenir une articulation d\u00e9faillante, un membre bless\u00e9 ou une partie du corps. Utilis\u00e9e chez l\u2019adulte comme chez l\u2019enfant, l\u2019attelle favorise la gu\u00e9rison tout en r\u00e9duisant la douleur.<\/p>\n<div class=\"pos-top pos-center align_left column_parent col-lg-12 boomapps_vccolumn single-internal-gutter\">\n<div class=\"uncol style-light\">\n<div class=\"uncoltable\">\n<div class=\"uncell boomapps_vccolumn no-block-padding\">\n<div class=\"uncont\"><\/div>\n<\/div>\n<\/div>\n<\/div>\n<\/div>\n<\/div><div class=\"fusion-builder-row fusion-builder-row-inner fusion-row fusion-flex-align-items-flex-start\" style=\"width:104% !important;max-width:104% !important;margin-left: calc(-4% \/ 2 );margin-right: calc(-4% \/ 2 );\"><div class=\"fusion-layout-column fusion_builder_column_inner fusion-builder-nested-column-0 fusion_builder_column_inner_1_3 1_3 fusion-flex-column\"><div class=\"fusion-column-wrapper fusion-flex-justify-content-flex-start fusion-content-layout-column\" style=\"background-position:left top;background-repeat:no-repeat;-webkit-background-size:cover;-moz-background-size:cover;-o-background-size:cover;background-size:cover;padding: 0px 0px 0px 0px;\"><div><span class=\"fusion-popover popover-1\" data-animation=\"1\" data-class=\"popover-1\" data-container=\"popover-1\" data-content=\"Le poignet, la main et les doigts sont particuli\u00e8rement soumis \u00e0 des sollicitations et contraintes pouvant engendrer des traumatismes. \" data-delay=\"50\" data-placement=\"top\" data-title=\"Attelles poignet, main, coude\" data-toggle=\"popover\" data-trigger=\"hover\"><style type=\"text\/css\">.popover-1 .popover-title{background-color:#e1f1f4;color:#2296da;}.popover-1 .popover-content{color:#2296da;}<\/style>\n<p><img decoding=\"async\" class=\"alignnone size-full wp-image-296\" src=\"https:\/\/www.techniciendesante.fr\/magasins\/o-plus-medical\/wp-content\/uploads\/sites\/3\/2021\/09\/attelle-poignet.jpg\" alt=\"\" width=\"300\" height=\"300\" srcset=\"https:\/\/www.techniciendesante.fr\/magasins\/o-plus-medical\/wp-content\/uploads\/sites\/3\/2021\/09\/attelle-poignet-66x66.jpg 66w, https:\/\/www.techniciendesante.fr\/magasins\/o-plus-medical\/wp-content\/uploads\/sites\/3\/2021\/09\/attelle-poignet-150x150.jpg 150w, https:\/\/www.techniciendesante.fr\/magasins\/o-plus-medical\/wp-content\/uploads\/sites\/3\/2021\/09\/attelle-poignet-200x200.jpg 200w, https:\/\/www.techniciendesante.fr\/magasins\/o-plus-medical\/wp-content\/uploads\/sites\/3\/2021\/09\/attelle-poignet.jpg 300w\" sizes=\"(max-width: 300px) 100vw, 300px\" \/><\/p>\n<\/span><\/div><\/div><\/div><style type=\"text\/css\">.fusion-body .fusion-builder-nested-column-0{width:33.333333333333% !important;margin-top : 0px;margin-bottom : 20px;}.fusion-builder-nested-column-0 > .fusion-column-wrapper {padding-top : 0px !important;padding-right : 0px !important;margin-right : 5.76%;padding-bottom : 0px !important;padding-left : 0px !important;margin-left : 5.76%;}@media only screen and (max-width:1024px) {.fusion-body .fusion-builder-nested-column-0{width:33.333333333333% !important;order : 0;}.fusion-builder-nested-column-0 > .fusion-column-wrapper {margin-right : 5.76%;margin-left : 5.76%;}}@media only screen and (max-width:640px) {.fusion-body .fusion-builder-nested-column-0{width:100% !important;order : 0;}.fusion-builder-nested-column-0 > .fusion-column-wrapper {margin-right : 1.92%;margin-left : 1.92%;}}<\/style><div class=\"fusion-layout-column fusion_builder_column_inner fusion-builder-nested-column-1 fusion_builder_column_inner_1_3 1_3 fusion-flex-column\"><div class=\"fusion-column-wrapper fusion-flex-justify-content-flex-start fusion-content-layout-column\" style=\"background-position:left top;background-repeat:no-repeat;-webkit-background-size:cover;-moz-background-size:cover;-o-background-size:cover;background-size:cover;padding: 0px 0px 0px 0px;\"><div><span class=\"fusion-popover popover-2\" data-animation=\"1\" data-class=\"popover-2\" data-container=\"popover-2\" data-html-content=\"Attelles et orth\u00e8ses pour la traumatologie, l&#039;orthop\u00e9die et les traitements post-op\u00e9ratoires : genou, pied et cheville, \u00e9paule, coude, main et poignet, lombaires. Des produits de qualit\u00e9 \u00e0 des prix tr\u00e8s comp\u00e9titifs.\" data-delay=\"50\" data-placement=\"top\" data-title=\"Attelles pour la traumatologie\" data-toggle=\"popover\" data-trigger=\"hover\"><style type=\"text\/css\">.popover-2 .popover-title{background-color:#e1f1f4;color:#2296da;}.popover-2 .popover-content{color:#2296da;}<\/style>\n<p><img decoding=\"async\" class=\"alignnone size-full wp-image-304\" src=\"https:\/\/www.techniciendesante.fr\/magasins\/o-plus-medical\/wp-content\/uploads\/sites\/3\/2021\/09\/attelle-genou.jpg\" alt=\"\" width=\"300\" height=\"300\" srcset=\"https:\/\/www.techniciendesante.fr\/magasins\/o-plus-medical\/wp-content\/uploads\/sites\/3\/2021\/09\/attelle-genou-66x66.jpg 66w, https:\/\/www.techniciendesante.fr\/magasins\/o-plus-medical\/wp-content\/uploads\/sites\/3\/2021\/09\/attelle-genou-150x150.jpg 150w, https:\/\/www.techniciendesante.fr\/magasins\/o-plus-medical\/wp-content\/uploads\/sites\/3\/2021\/09\/attelle-genou-200x200.jpg 200w, https:\/\/www.techniciendesante.fr\/magasins\/o-plus-medical\/wp-content\/uploads\/sites\/3\/2021\/09\/attelle-genou.jpg 300w\" sizes=\"(max-width: 300px) 100vw, 300px\" \/><\/p>\n<\/span><\/div><\/div><\/div><style type=\"text\/css\">.fusion-body .fusion-builder-nested-column-1{width:33.333333333333% !important;margin-top : 0px;margin-bottom : 20px;}.fusion-builder-nested-column-1 > .fusion-column-wrapper {padding-top : 0px !important;padding-right : 0px !important;margin-right : 5.76%;padding-bottom : 0px !important;padding-left : 0px !important;margin-left : 5.76%;}@media only screen and (max-width:1024px) {.fusion-body .fusion-builder-nested-column-1{width:33.333333333333% !important;order : 0;}.fusion-builder-nested-column-1 > .fusion-column-wrapper {margin-right : 5.76%;margin-left : 5.76%;}}@media only screen and (max-width:640px) {.fusion-body .fusion-builder-nested-column-1{width:100% !important;order : 0;}.fusion-builder-nested-column-1 > .fusion-column-wrapper {margin-right : 1.92%;margin-left : 1.92%;}}<\/style><div class=\"fusion-layout-column fusion_builder_column_inner fusion-builder-nested-column-2 fusion_builder_column_inner_1_3 1_3 fusion-flex-column\"><div class=\"fusion-column-wrapper fusion-flex-justify-content-flex-start fusion-content-layout-column\" style=\"background-position:left top;background-repeat:no-repeat;-webkit-background-size:cover;-moz-background-size:cover;-o-background-size:cover;background-size:cover;padding: 0px 0px 0px 0px;\"><div><span class=\"fusion-popover popover-3\" data-animation=\"1\" data-class=\"popover-3\" data-container=\"popover-3\" data-content=\"La ceinture lombaire est souvent la plus connue des orth\u00e8ses. Le nombre de types de ceintures lombaires diff\u00e9rents est en revanche moins connu. Venez en discuter avec votre technicien de sant\u00e9.\" data-delay=\"50\" data-placement=\"top\" data-title=\"Ceinture lombaire\" data-toggle=\"popover\" data-trigger=\"hover\"><style type=\"text\/css\">.popover-3 .popover-title{background-color:#e1f1f4;color:#2296da;}.popover-3 .popover-content{color:#2296da;}<\/style>\n<p><img decoding=\"async\" class=\"alignnone size-full wp-image-308\" src=\"https:\/\/www.techniciendesante.fr\/magasins\/o-plus-medical\/wp-content\/uploads\/sites\/3\/2021\/09\/ceinture-lombaire.jpg\" alt=\"\" width=\"300\" height=\"300\" srcset=\"https:\/\/www.techniciendesante.fr\/magasins\/o-plus-medical\/wp-content\/uploads\/sites\/3\/2021\/09\/ceinture-lombaire-66x66.jpg 66w, https:\/\/www.techniciendesante.fr\/magasins\/o-plus-medical\/wp-content\/uploads\/sites\/3\/2021\/09\/ceinture-lombaire-150x150.jpg 150w, https:\/\/www.techniciendesante.fr\/magasins\/o-plus-medical\/wp-content\/uploads\/sites\/3\/2021\/09\/ceinture-lombaire-200x200.jpg 200w, https:\/\/www.techniciendesante.fr\/magasins\/o-plus-medical\/wp-content\/uploads\/sites\/3\/2021\/09\/ceinture-lombaire.jpg 300w\" sizes=\"(max-width: 300px) 100vw, 300px\" \/><\/p>\n<\/span><\/div><\/div><\/div><style type=\"text\/css\">.fusion-body .fusion-builder-nested-column-2{width:33.333333333333% !important;margin-top : 0px;margin-bottom : 20px;}.fusion-builder-nested-column-2 > .fusion-column-wrapper {padding-top : 0px !important;padding-right : 0px !important;margin-right : 5.76%;padding-bottom : 0px !important;padding-left : 0px !important;margin-left : 5.76%;}@media only screen and (max-width:1024px) {.fusion-body .fusion-builder-nested-column-2{width:33.333333333333% !important;order : 0;}.fusion-builder-nested-column-2 > .fusion-column-wrapper {margin-right : 5.76%;margin-left : 5.76%;}}@media only screen and (max-width:640px) {.fusion-body .fusion-builder-nested-column-2{width:100% !important;order : 0;}.fusion-builder-nested-column-2 > .fusion-column-wrapper {margin-right : 1.92%;margin-left : 1.92%;}}<\/style><\/div><div class=\"fusion-text fusion-text-2\" style=\"transform:translate3d(0,0,0);\"><h2><span style=\"color: #0096da;\">Orthop\u00e9die et proth\u00e8ses mammaires<br \/>\n<\/span><\/h2>\n<p><strong>Maux de dos, entorse, op\u00e9ration du sein, fracture \u0153d\u00e8me, ulc\u00e8re\u2026<\/strong><br \/>\nQuelque que soit votre situation, nous vous apportons une solution adapt\u00e9e avec un concentr\u00e9 de marques dynamiques, innovantes et des services en plus !<\/p>\n<div class=\"pos-top pos-center align_left column_parent col-lg-12 boomapps_vccolumn single-internal-gutter\">\n<div class=\"uncol style-light\">\n<div class=\"uncoltable\">\n<div class=\"uncell boomapps_vccolumn no-block-padding\">\n<div class=\"uncont\"><\/div>\n<\/div>\n<\/div>\n<\/div>\n<\/div>\n<\/div><\/div><\/div><style type=\"text\/css\">.fusion-body .fusion-builder-column-0{width:100% !important;margin-top : 0px;margin-bottom : 20px;}.fusion-builder-column-0 > .fusion-column-wrapper {padding-top : 0px !important;padding-right : 0px !important;margin-right : 1.92%;padding-bottom : 0px !important;padding-left : 0px !important;margin-left : 1.92%;}@media only screen and (max-width:1024px) {.fusion-body .fusion-builder-column-0{width:100% !important;order : 0;}.fusion-builder-column-0 > .fusion-column-wrapper {margin-right : 1.92%;margin-left : 1.92%;}}@media only screen and (max-width:640px) {.fusion-body .fusion-builder-column-0{width:100% !important;order : 0;}.fusion-builder-column-0 > .fusion-column-wrapper {margin-right : 1.92%;margin-left : 1.92%;}}<\/style><\/div><style type=\"text\/css\">.fusion-body .fusion-flex-container.fusion-builder-row-1{ padding-top : 0px;margin-top : 0px;padding-right : 150px;padding-bottom : 0px;margin-bottom : 0px;padding-left : 150px;}<\/style><\/div>\n","protected":false},"excerpt":{"rendered":"","protected":false},"author":5,"featured_media":0,"parent":0,"menu_order":0,"comment_status":"closed","ping_status":"closed","template":"","meta":{"footnotes":""},"yoast_head":"<!-- This site is optimized with the Yoast SEO plugin v22.0 - https:\/\/yoast.com\/wordpress\/plugins\/seo\/ -->\n<title>Orthop\u00e9die et proth\u00e8ses sur mesure (Deux-S\u00e8vres 79)<\/title>\n<meta name=\"description\" content=\"Attelles de poignet, de main, de genou, ceinture lombaires, chaussures orthop\u00e9diques, proth\u00e8ses mammaires : quelque soit vos maux, nos conseillers sauront vous apporter une r\u00e9ponse adapt\u00e9e.\" \/>\n<meta name=\"robots\" content=\"index, follow, max-snippet:-1, max-image-preview:large, max-video-preview:-1\" \/>\n<link rel=\"canonical\" href=\"https:\/\/www.techniciendesante.fr\/magasins\/o-plus-medical\/orthopedie\/\" \/>\n<meta property=\"og:locale\" content=\"fr_FR\" \/>\n<meta property=\"og:type\" content=\"article\" \/>\n<meta property=\"og:title\" content=\"Orthop\u00e9die et proth\u00e8ses sur mesure (Deux-S\u00e8vres 79)\" \/>\n<meta property=\"og:description\" content=\"Attelles de poignet, de main, de genou, ceinture lombaires, chaussures orthop\u00e9diques, proth\u00e8ses mammaires : quelque soit vos maux, nos conseillers sauront vous apporter une r\u00e9ponse adapt\u00e9e.\" \/>\n<meta property=\"og:url\" content=\"https:\/\/www.techniciendesante.fr\/magasins\/o-plus-medical\/orthopedie\/\" \/>\n<meta property=\"og:site_name\" content=\"Oplus Medical\" \/>\n<meta property=\"article:modified_time\" content=\"2021-09-30T13:30:21+00:00\" \/>\n<meta property=\"og:image\" content=\"https:\/\/www.techniciendesante.fr\/magasins\/o-plus-medical\/wp-content\/uploads\/sites\/3\/2021\/09\/attelle-poignet.jpg\" \/>\n<meta name=\"twitter:card\" content=\"summary_large_image\" \/>\n<meta name=\"twitter:label1\" content=\"Dur\u00e9e de lecture estim\u00e9e\" \/>\n\t<meta name=\"twitter:data1\" content=\"8 minutes\" \/>\n<script type=\"application\/ld+json\" class=\"yoast-schema-graph\">{\"@context\":\"https:\/\/schema.org\",\"@graph\":[{\"@type\":\"WebPage\",\"@id\":\"https:\/\/www.techniciendesante.fr\/magasins\/o-plus-medical\/orthopedie\/\",\"url\":\"https:\/\/www.techniciendesante.fr\/magasins\/o-plus-medical\/orthopedie\/\",\"name\":\"Orthop\u00e9die et proth\u00e8ses sur mesure (Deux-S\u00e8vres 79)\",\"isPartOf\":{\"@id\":\"https:\/\/www.techniciendesante.fr\/magasins\/o-plus-medical\/#website\"},\"datePublished\":\"2021-06-15T13:35:59+00:00\",\"dateModified\":\"2021-09-30T13:30:21+00:00\",\"description\":\"Attelles de poignet, de main, de genou, ceinture lombaires, chaussures orthop\u00e9diques, proth\u00e8ses mammaires : quelque soit vos maux, nos conseillers sauront vous apporter une r\u00e9ponse adapt\u00e9e.\",\"breadcrumb\":{\"@id\":\"https:\/\/www.techniciendesante.fr\/magasins\/o-plus-medical\/orthopedie\/#breadcrumb\"},\"inLanguage\":\"fr-FR\",\"potentialAction\":[{\"@type\":\"ReadAction\",\"target\":[\"https:\/\/www.techniciendesante.fr\/magasins\/o-plus-medical\/orthopedie\/\"]}]},{\"@type\":\"BreadcrumbList\",\"@id\":\"https:\/\/www.techniciendesante.fr\/magasins\/o-plus-medical\/orthopedie\/#breadcrumb\",\"itemListElement\":[{\"@type\":\"ListItem\",\"position\":1,\"name\":\"Accueil\",\"item\":\"https:\/\/www.techniciendesante.fr\/magasins\/o-plus-medical\/\"},{\"@type\":\"ListItem\",\"position\":2,\"name\":\"Orthop\u00e9die et proth\u00e8ses sur mesure (Deux-S\u00e8vres 79)\"}]},{\"@type\":\"WebSite\",\"@id\":\"https:\/\/www.techniciendesante.fr\/magasins\/o-plus-medical\/#website\",\"url\":\"https:\/\/www.techniciendesante.fr\/magasins\/o-plus-medical\/\",\"name\":\"Oplus Medical\",\"description\":\"Technicien de sant\u00e9\",\"potentialAction\":[{\"@type\":\"SearchAction\",\"target\":{\"@type\":\"EntryPoint\",\"urlTemplate\":\"https:\/\/www.techniciendesante.fr\/magasins\/o-plus-medical\/?s={search_term_string}\"},\"query-input\":\"required name=search_term_string\"}],\"inLanguage\":\"fr-FR\"}]}<\/script>\n<!-- \/ Yoast SEO plugin. -->","yoast_head_json":{"title":"Orthop\u00e9die et proth\u00e8ses sur mesure (Deux-S\u00e8vres 79)","description":"Attelles de poignet, de main, de genou, ceinture lombaires, chaussures orthop\u00e9diques, proth\u00e8ses mammaires : quelque soit vos maux, nos conseillers sauront vous apporter une r\u00e9ponse adapt\u00e9e.","robots":{"index":"index","follow":"follow","max-snippet":"max-snippet:-1","max-image-preview":"max-image-preview:large","max-video-preview":"max-video-preview:-1"},"canonical":"https:\/\/www.techniciendesante.fr\/magasins\/o-plus-medical\/orthopedie\/","og_locale":"fr_FR","og_type":"article","og_title":"Orthop\u00e9die et proth\u00e8ses sur mesure (Deux-S\u00e8vres 79)","og_description":"Attelles de poignet, de main, de genou, ceinture lombaires, chaussures orthop\u00e9diques, proth\u00e8ses mammaires : quelque soit vos maux, nos conseillers sauront vous apporter une r\u00e9ponse adapt\u00e9e.","og_url":"https:\/\/www.techniciendesante.fr\/magasins\/o-plus-medical\/orthopedie\/","og_site_name":"Oplus Medical","article_modified_time":"2021-09-30T13:30:21+00:00","og_image":[{"url":"https:\/\/www.techniciendesante.fr\/magasins\/o-plus-medical\/wp-content\/uploads\/sites\/3\/2021\/09\/attelle-poignet.jpg"}],"twitter_card":"summary_large_image","twitter_misc":{"Dur\u00e9e de lecture estim\u00e9e":"8 minutes"},"schema":{"@context":"https:\/\/schema.org","@graph":[{"@type":"WebPage","@id":"https:\/\/www.techniciendesante.fr\/magasins\/o-plus-medical\/orthopedie\/","url":"https:\/\/www.techniciendesante.fr\/magasins\/o-plus-medical\/orthopedie\/","name":"Orthop\u00e9die et proth\u00e8ses sur mesure (Deux-S\u00e8vres 79)","isPartOf":{"@id":"https:\/\/www.techniciendesante.fr\/magasins\/o-plus-medical\/#website"},"datePublished":"2021-06-15T13:35:59+00:00","dateModified":"2021-09-30T13:30:21+00:00","description":"Attelles de poignet, de main, de genou, ceinture lombaires, chaussures orthop\u00e9diques, proth\u00e8ses mammaires : quelque soit vos maux, nos conseillers sauront vous apporter une r\u00e9ponse adapt\u00e9e.","breadcrumb":{"@id":"https:\/\/www.techniciendesante.fr\/magasins\/o-plus-medical\/orthopedie\/#breadcrumb"},"inLanguage":"fr-FR","potentialAction":[{"@type":"ReadAction","target":["https:\/\/www.techniciendesante.fr\/magasins\/o-plus-medical\/orthopedie\/"]}]},{"@type":"BreadcrumbList","@id":"https:\/\/www.techniciendesante.fr\/magasins\/o-plus-medical\/orthopedie\/#breadcrumb","itemListElement":[{"@type":"ListItem","position":1,"name":"Accueil","item":"https:\/\/www.techniciendesante.fr\/magasins\/o-plus-medical\/"},{"@type":"ListItem","position":2,"name":"Orthop\u00e9die et proth\u00e8ses sur mesure (Deux-S\u00e8vres 79)"}]},{"@type":"WebSite","@id":"https:\/\/www.techniciendesante.fr\/magasins\/o-plus-medical\/#website","url":"https:\/\/www.techniciendesante.fr\/magasins\/o-plus-medical\/","name":"Oplus Medical","description":"Technicien de sant\u00e9","potentialAction":[{"@type":"SearchAction","target":{"@type":"EntryPoint","urlTemplate":"https:\/\/www.techniciendesante.fr\/magasins\/o-plus-medical\/?s={search_term_string}"},"query-input":"required name=search_term_string"}],"inLanguage":"fr-FR"}]}},"_links":{"self":[{"href":"https:\/\/www.techniciendesante.fr\/magasins\/o-plus-medical\/wp-json\/wp\/v2\/pages\/10"}],"collection":[{"href":"https:\/\/www.techniciendesante.fr\/magasins\/o-plus-medical\/wp-json\/wp\/v2\/pages"}],"about":[{"href":"https:\/\/www.techniciendesante.fr\/magasins\/o-plus-medical\/wp-json\/wp\/v2\/types\/page"}],"author":[{"embeddable":true,"href":"https:\/\/www.techniciendesante.fr\/magasins\/o-plus-medical\/wp-json\/wp\/v2\/users\/5"}],"replies":[{"embeddable":true,"href":"https:\/\/www.techniciendesante.fr\/magasins\/o-plus-medical\/wp-json\/wp\/v2\/comments?post=10"}],"version-history":[{"count":27,"href":"https:\/\/www.techniciendesante.fr\/magasins\/o-plus-medical\/wp-json\/wp\/v2\/pages\/10\/revisions"}],"predecessor-version":[{"id":522,"href":"https:\/\/www.techniciendesante.fr\/magasins\/o-plus-medical\/wp-json\/wp\/v2\/pages\/10\/revisions\/522"}],"wp:attachment":[{"href":"https:\/\/www.techniciendesante.fr\/magasins\/o-plus-medical\/wp-json\/wp\/v2\/media?parent=10"}],"curies":[{"name":"wp","href":"https:\/\/api.w.org\/{rel}","templated":true}]}}