






{"id":12,"date":"2021-06-15T15:36:14","date_gmt":"2021-06-15T13:36:14","guid":{"rendered":"https:\/\/www.techniciendesante.fr\/o-plus-medical\/?page_id=12"},"modified":"2021-09-30T15:52:01","modified_gmt":"2021-09-30T13:52:01","slug":"photos","status":"publish","type":"page","link":"https:\/\/www.techniciendesante.fr\/magasins\/o-plus-medical\/photos\/","title":{"rendered":"Photos du magasin de Bressuire"},"content":{"rendered":"<div class=\"fusion-fullwidth fullwidth-box fusion-builder-row-1 fusion-flex-container nonhundred-percent-fullwidth non-hundred-percent-height-scrolling\" style=\"background-color: rgba(255,255,255,0);background-position: center center;background-repeat: no-repeat;border-width: 0px 0px 0px 0px;border-color:#e2e2e2;border-style:solid;\" ><div class=\"fusion-builder-row fusion-row fusion-flex-align-items-flex-start\" style=\"max-width:1996.8;margin-left: calc(-4% \/ 2 );margin-right: calc(-4% \/ 2 );\"><div class=\"fusion-layout-column fusion_builder_column fusion-builder-column-0 fusion_builder_column_1_1 1_1 fusion-flex-column\"><div class=\"fusion-column-wrapper fusion-flex-justify-content-flex-start fusion-content-layout-column\" style=\"background-position:left top;background-repeat:no-repeat;-webkit-background-size:cover;-moz-background-size:cover;-o-background-size:cover;background-size:cover;padding: 0px 0px 0px 0px;\"><div class=\"fusion-text fusion-text-1\" style=\"transform:translate3d(0,0,0);\"><h1 style=\"text-align: center;\">Visite du <span style=\"color: #0096da;\">magasin<\/span><\/h1>\n<p style=\"text-align: center;\"><strong>____________________________________________<\/strong><\/p>\n<div class=\"pos-top pos-center align_left column_parent col-lg-12 boomapps_vccolumn single-internal-gutter\">\n<div class=\"uncol style-light\">\n<div class=\"uncoltable\">\n<div class=\"uncell boomapps_vccolumn no-block-padding\">\n<div class=\"uncont\"><\/div>\n<\/div>\n<\/div>\n<\/div>\n<\/div>\n<\/div><div class=\"fusion-image-carousel fusion-image-carousel-fixed lightbox-enabled fusion-carousel-border\"><div class=\"fusion-carousel\" data-autoplay=\"no\" data-columns=\"4\" data-itemmargin=\"13\" data-itemwidth=\"180\" data-touchscroll=\"no\" data-imagesize=\"fixed\"><div class=\"fusion-carousel-positioner\"><ul class=\"fusion-carousel-holder\"><li class=\"fusion-carousel-item\"><div class=\"fusion-carousel-item-wrapper\"><div class=\"fusion-image-wrapper hover-type-zoomin\"><a data-rel=\"iLightbox[image_carousel_1]\" data-title=\"materiel-medical-1\" aria-label=\"materiel-medical-1\" href=\"https:\/\/www.techniciendesante.fr\/magasins\/o-plus-medical\/wp-content\/uploads\/sites\/3\/2021\/09\/materiel-medical-1.jpg\" target=\"_self\"><img decoding=\"async\" width=\"320\" height=\"202\" src=\"https:\/\/www.techniciendesante.fr\/magasins\/o-plus-medical\/wp-content\/uploads\/sites\/3\/2021\/09\/materiel-medical-1-320x202.jpg\" class=\"attachment-blog-medium size-blog-medium\" alt=\"\" \/><\/a><\/div><\/div><\/li><li class=\"fusion-carousel-item\"><div class=\"fusion-carousel-item-wrapper\"><div class=\"fusion-image-wrapper hover-type-zoomin\"><a data-rel=\"iLightbox[image_carousel_1]\" data-title=\"materiel-medical-2\" aria-label=\"materiel-medical-2\" href=\"https:\/\/www.techniciendesante.fr\/magasins\/o-plus-medical\/wp-content\/uploads\/sites\/3\/2021\/09\/materiel-medical-2.jpg\" target=\"_self\"><img decoding=\"async\" width=\"320\" height=\"202\" src=\"https:\/\/www.techniciendesante.fr\/magasins\/o-plus-medical\/wp-content\/uploads\/sites\/3\/2021\/09\/materiel-medical-2-320x202.jpg\" class=\"attachment-blog-medium size-blog-medium\" alt=\"\" \/><\/a><\/div><\/div><\/li><li class=\"fusion-carousel-item\"><div class=\"fusion-carousel-item-wrapper\"><div class=\"fusion-image-wrapper hover-type-zoomin\"><a data-rel=\"iLightbox[image_carousel_1]\" data-title=\"materiel-medical-3\" aria-label=\"materiel-medical-3\" href=\"https:\/\/www.techniciendesante.fr\/magasins\/o-plus-medical\/wp-content\/uploads\/sites\/3\/2021\/09\/materiel-medical-3.jpg\" target=\"_self\"><img decoding=\"async\" width=\"320\" height=\"202\" src=\"https:\/\/www.techniciendesante.fr\/magasins\/o-plus-medical\/wp-content\/uploads\/sites\/3\/2021\/09\/materiel-medical-3-320x202.jpg\" class=\"attachment-blog-medium size-blog-medium\" alt=\"\" \/><\/a><\/div><\/div><\/li><li class=\"fusion-carousel-item\"><div class=\"fusion-carousel-item-wrapper\"><div class=\"fusion-image-wrapper hover-type-zoomin\"><a data-rel=\"iLightbox[image_carousel_1]\" data-title=\"materiel-medical-4\" aria-label=\"materiel-medical-4\" href=\"https:\/\/www.techniciendesante.fr\/magasins\/o-plus-medical\/wp-content\/uploads\/sites\/3\/2021\/09\/materiel-medical-4.jpg\" target=\"_self\"><img decoding=\"async\" width=\"320\" height=\"202\" src=\"https:\/\/www.techniciendesante.fr\/magasins\/o-plus-medical\/wp-content\/uploads\/sites\/3\/2021\/09\/materiel-medical-4-320x202.jpg\" class=\"attachment-blog-medium size-blog-medium\" alt=\"\" \/><\/a><\/div><\/div><\/li><li class=\"fusion-carousel-item\"><div class=\"fusion-carousel-item-wrapper\"><div class=\"fusion-image-wrapper hover-type-zoomin\"><a data-rel=\"iLightbox[image_carousel_1]\" data-title=\"materiel-medical-4b\" aria-label=\"materiel-medical-4b\" href=\"https:\/\/www.techniciendesante.fr\/magasins\/o-plus-medical\/wp-content\/uploads\/sites\/3\/2021\/09\/materiel-medical-4b.jpg\" target=\"_self\"><img decoding=\"async\" width=\"320\" height=\"202\" src=\"https:\/\/www.techniciendesante.fr\/magasins\/o-plus-medical\/wp-content\/uploads\/sites\/3\/2021\/09\/materiel-medical-4b-320x202.jpg\" class=\"attachment-blog-medium size-blog-medium\" alt=\"\" \/><\/a><\/div><\/div><\/li><li class=\"fusion-carousel-item\"><div class=\"fusion-carousel-item-wrapper\"><div class=\"fusion-image-wrapper hover-type-zoomin\"><a data-rel=\"iLightbox[image_carousel_1]\" data-title=\"materiel-medical-5\" aria-label=\"materiel-medical-5\" href=\"https:\/\/www.techniciendesante.fr\/magasins\/o-plus-medical\/wp-content\/uploads\/sites\/3\/2021\/09\/materiel-medical-5.jpg\" target=\"_self\"><img decoding=\"async\" width=\"320\" height=\"202\" src=\"https:\/\/www.techniciendesante.fr\/magasins\/o-plus-medical\/wp-content\/uploads\/sites\/3\/2021\/09\/materiel-medical-5-320x202.jpg\" class=\"attachment-blog-medium size-blog-medium\" alt=\"\" \/><\/a><\/div><\/div><\/li><li class=\"fusion-carousel-item\"><div class=\"fusion-carousel-item-wrapper\"><div class=\"fusion-image-wrapper hover-type-zoomin\"><a data-rel=\"iLightbox[image_carousel_1]\" data-title=\"materiel-medical-6\" aria-label=\"materiel-medical-6\" href=\"https:\/\/www.techniciendesante.fr\/magasins\/o-plus-medical\/wp-content\/uploads\/sites\/3\/2021\/09\/materiel-medical-6.jpg\" target=\"_self\"><img decoding=\"async\" width=\"320\" height=\"202\" src=\"https:\/\/www.techniciendesante.fr\/magasins\/o-plus-medical\/wp-content\/uploads\/sites\/3\/2021\/09\/materiel-medical-6-320x202.jpg\" class=\"attachment-blog-medium size-blog-medium\" alt=\"\" \/><\/a><\/div><\/div><\/li><li class=\"fusion-carousel-item\"><div class=\"fusion-carousel-item-wrapper\"><div class=\"fusion-image-wrapper hover-type-zoomin\"><a data-rel=\"iLightbox[image_carousel_1]\" data-title=\"materiel-medical-7\" aria-label=\"materiel-medical-7\" href=\"https:\/\/www.techniciendesante.fr\/magasins\/o-plus-medical\/wp-content\/uploads\/sites\/3\/2021\/09\/materiel-medical-7.jpg\" target=\"_self\"><img decoding=\"async\" width=\"320\" height=\"202\" src=\"https:\/\/www.techniciendesante.fr\/magasins\/o-plus-medical\/wp-content\/uploads\/sites\/3\/2021\/09\/materiel-medical-7-320x202.jpg\" class=\"attachment-blog-medium size-blog-medium\" alt=\"\" \/><\/a><\/div><\/div><\/li><li class=\"fusion-carousel-item\"><div class=\"fusion-carousel-item-wrapper\"><div class=\"fusion-image-wrapper hover-type-zoomin\"><a data-rel=\"iLightbox[image_carousel_1]\" data-title=\"materiel-medical-8\" aria-label=\"materiel-medical-8\" href=\"https:\/\/www.techniciendesante.fr\/magasins\/o-plus-medical\/wp-content\/uploads\/sites\/3\/2021\/09\/materiel-medical-8.jpg\" target=\"_self\"><img decoding=\"async\" width=\"320\" height=\"202\" src=\"https:\/\/www.techniciendesante.fr\/magasins\/o-plus-medical\/wp-content\/uploads\/sites\/3\/2021\/09\/materiel-medical-8-320x202.jpg\" class=\"attachment-blog-medium size-blog-medium\" alt=\"\" \/><\/a><\/div><\/div><\/li><li class=\"fusion-carousel-item\"><div class=\"fusion-carousel-item-wrapper\"><div class=\"fusion-image-wrapper hover-type-zoomin\"><a data-rel=\"iLightbox[image_carousel_1]\" data-title=\"materiel-medical-9\" aria-label=\"materiel-medical-9\" href=\"https:\/\/www.techniciendesante.fr\/magasins\/o-plus-medical\/wp-content\/uploads\/sites\/3\/2021\/09\/materiel-medical-9.jpg\" target=\"_self\"><img decoding=\"async\" width=\"320\" height=\"202\" src=\"https:\/\/www.techniciendesante.fr\/magasins\/o-plus-medical\/wp-content\/uploads\/sites\/3\/2021\/09\/materiel-medical-9-320x202.jpg\" class=\"attachment-blog-medium size-blog-medium\" alt=\"\" \/><\/a><\/div><\/div><\/li><li class=\"fusion-carousel-item\"><div class=\"fusion-carousel-item-wrapper\"><div class=\"fusion-image-wrapper hover-type-zoomin\"><a data-rel=\"iLightbox[image_carousel_1]\" data-title=\"materiel-medical-10\" aria-label=\"materiel-medical-10\" href=\"https:\/\/www.techniciendesante.fr\/magasins\/o-plus-medical\/wp-content\/uploads\/sites\/3\/2021\/09\/materiel-medical-10.jpg\" target=\"_self\"><img decoding=\"async\" width=\"320\" height=\"202\" src=\"https:\/\/www.techniciendesante.fr\/magasins\/o-plus-medical\/wp-content\/uploads\/sites\/3\/2021\/09\/materiel-medical-10-320x202.jpg\" class=\"attachment-blog-medium size-blog-medium\" alt=\"\" \/><\/a><\/div><\/div><\/li><li class=\"fusion-carousel-item\"><div class=\"fusion-carousel-item-wrapper\"><div class=\"fusion-image-wrapper hover-type-zoomin\"><a data-rel=\"iLightbox[image_carousel_1]\" data-title=\"materiel-medical-11\" aria-label=\"materiel-medical-11\" href=\"https:\/\/www.techniciendesante.fr\/magasins\/o-plus-medical\/wp-content\/uploads\/sites\/3\/2021\/09\/materiel-medical-11.jpg\" target=\"_self\"><img decoding=\"async\" width=\"320\" height=\"202\" src=\"https:\/\/www.techniciendesante.fr\/magasins\/o-plus-medical\/wp-content\/uploads\/sites\/3\/2021\/09\/materiel-medical-11-320x202.jpg\" class=\"attachment-blog-medium size-blog-medium\" alt=\"\" \/><\/a><\/div><\/div><\/li><li class=\"fusion-carousel-item\"><div class=\"fusion-carousel-item-wrapper\"><div class=\"fusion-image-wrapper hover-type-zoomin\"><a data-rel=\"iLightbox[image_carousel_1]\" data-title=\"materiel-medical-12\" aria-label=\"materiel-medical-12\" href=\"https:\/\/www.techniciendesante.fr\/magasins\/o-plus-medical\/wp-content\/uploads\/sites\/3\/2021\/09\/materiel-medical-12.jpg\" target=\"_self\"><img decoding=\"async\" width=\"320\" height=\"202\" src=\"https:\/\/www.techniciendesante.fr\/magasins\/o-plus-medical\/wp-content\/uploads\/sites\/3\/2021\/09\/materiel-medical-12-320x202.jpg\" class=\"attachment-blog-medium size-blog-medium\" alt=\"\" \/><\/a><\/div><\/div><\/li><li class=\"fusion-carousel-item\"><div class=\"fusion-carousel-item-wrapper\"><div class=\"fusion-image-wrapper hover-type-zoomin\"><a data-rel=\"iLightbox[image_carousel_1]\" data-title=\"materiel-medical-12b\" aria-label=\"materiel-medical-12b\" href=\"https:\/\/www.techniciendesante.fr\/magasins\/o-plus-medical\/wp-content\/uploads\/sites\/3\/2021\/09\/materiel-medical-12b.jpg\" target=\"_self\"><img decoding=\"async\" width=\"320\" height=\"202\" src=\"https:\/\/www.techniciendesante.fr\/magasins\/o-plus-medical\/wp-content\/uploads\/sites\/3\/2021\/09\/materiel-medical-12b-320x202.jpg\" class=\"attachment-blog-medium size-blog-medium\" alt=\"\" \/><\/a><\/div><\/div><\/li><li class=\"fusion-carousel-item\"><div class=\"fusion-carousel-item-wrapper\"><div class=\"fusion-image-wrapper hover-type-zoomin\"><a data-rel=\"iLightbox[image_carousel_1]\" data-title=\"materiel-medical-12c\" aria-label=\"materiel-medical-12c\" href=\"https:\/\/www.techniciendesante.fr\/magasins\/o-plus-medical\/wp-content\/uploads\/sites\/3\/2021\/09\/materiel-medical-12c.jpg\" target=\"_self\"><img decoding=\"async\" width=\"320\" height=\"202\" src=\"https:\/\/www.techniciendesante.fr\/magasins\/o-plus-medical\/wp-content\/uploads\/sites\/3\/2021\/09\/materiel-medical-12c-320x202.jpg\" class=\"attachment-blog-medium size-blog-medium\" alt=\"\" \/><\/a><\/div><\/div><\/li><li class=\"fusion-carousel-item\"><div class=\"fusion-carousel-item-wrapper\"><div class=\"fusion-image-wrapper hover-type-zoomin\"><a data-rel=\"iLightbox[image_carousel_1]\" data-title=\"materiel-medical-13\" aria-label=\"materiel-medical-13\" href=\"https:\/\/www.techniciendesante.fr\/magasins\/o-plus-medical\/wp-content\/uploads\/sites\/3\/2021\/09\/materiel-medical-13.jpg\" target=\"_self\"><img decoding=\"async\" width=\"320\" height=\"202\" src=\"https:\/\/www.techniciendesante.fr\/magasins\/o-plus-medical\/wp-content\/uploads\/sites\/3\/2021\/09\/materiel-medical-13-320x202.jpg\" class=\"attachment-blog-medium size-blog-medium\" alt=\"\" \/><\/a><\/div><\/div><\/li><li class=\"fusion-carousel-item\"><div class=\"fusion-carousel-item-wrapper\"><div class=\"fusion-image-wrapper hover-type-zoomin\"><a data-rel=\"iLightbox[image_carousel_1]\" data-title=\"materiel-medical-14\" aria-label=\"materiel-medical-14\" href=\"https:\/\/www.techniciendesante.fr\/magasins\/o-plus-medical\/wp-content\/uploads\/sites\/3\/2021\/09\/materiel-medical-14.jpg\" target=\"_self\"><img decoding=\"async\" width=\"320\" height=\"202\" src=\"https:\/\/www.techniciendesante.fr\/magasins\/o-plus-medical\/wp-content\/uploads\/sites\/3\/2021\/09\/materiel-medical-14-320x202.jpg\" class=\"attachment-blog-medium size-blog-medium\" alt=\"\" \/><\/a><\/div><\/div><\/li><li class=\"fusion-carousel-item\"><div class=\"fusion-carousel-item-wrapper\"><div class=\"fusion-image-wrapper hover-type-zoomin\"><a data-rel=\"iLightbox[image_carousel_1]\" data-title=\"materiel-medical-15\" aria-label=\"materiel-medical-15\" href=\"https:\/\/www.techniciendesante.fr\/magasins\/o-plus-medical\/wp-content\/uploads\/sites\/3\/2021\/09\/materiel-medical-15.jpg\" target=\"_self\"><img decoding=\"async\" width=\"320\" height=\"202\" src=\"https:\/\/www.techniciendesante.fr\/magasins\/o-plus-medical\/wp-content\/uploads\/sites\/3\/2021\/09\/materiel-medical-15-320x202.jpg\" class=\"attachment-blog-medium size-blog-medium\" alt=\"\" \/><\/a><\/div><\/div><\/li><li class=\"fusion-carousel-item\"><div class=\"fusion-carousel-item-wrapper\"><div class=\"fusion-image-wrapper hover-type-zoomin\"><a data-rel=\"iLightbox[image_carousel_1]\" data-title=\"materiel-medical-15b\" aria-label=\"materiel-medical-15b\" href=\"https:\/\/www.techniciendesante.fr\/magasins\/o-plus-medical\/wp-content\/uploads\/sites\/3\/2021\/09\/materiel-medical-15b.jpg\" target=\"_self\"><img decoding=\"async\" width=\"320\" height=\"202\" src=\"https:\/\/www.techniciendesante.fr\/magasins\/o-plus-medical\/wp-content\/uploads\/sites\/3\/2021\/09\/materiel-medical-15b-320x202.jpg\" class=\"attachment-blog-medium size-blog-medium\" alt=\"\" \/><\/a><\/div><\/div><\/li><li class=\"fusion-carousel-item\"><div class=\"fusion-carousel-item-wrapper\"><div class=\"fusion-image-wrapper hover-type-zoomin\"><a data-rel=\"iLightbox[image_carousel_1]\" data-title=\"materiel-medical-16\" aria-label=\"materiel-medical-16\" href=\"https:\/\/www.techniciendesante.fr\/magasins\/o-plus-medical\/wp-content\/uploads\/sites\/3\/2021\/09\/materiel-medical-16.jpg\" target=\"_self\"><img decoding=\"async\" width=\"320\" height=\"202\" src=\"https:\/\/www.techniciendesante.fr\/magasins\/o-plus-medical\/wp-content\/uploads\/sites\/3\/2021\/09\/materiel-medical-16-320x202.jpg\" class=\"attachment-blog-medium size-blog-medium\" alt=\"\" \/><\/a><\/div><\/div><\/li><li class=\"fusion-carousel-item\"><div class=\"fusion-carousel-item-wrapper\"><div class=\"fusion-image-wrapper hover-type-zoomin\"><a data-rel=\"iLightbox[image_carousel_1]\" data-title=\"materiel-medical-17\" aria-label=\"materiel-medical-17\" href=\"https:\/\/www.techniciendesante.fr\/magasins\/o-plus-medical\/wp-content\/uploads\/sites\/3\/2021\/09\/materiel-medical-17.jpg\" target=\"_self\"><img decoding=\"async\" width=\"320\" height=\"202\" src=\"https:\/\/www.techniciendesante.fr\/magasins\/o-plus-medical\/wp-content\/uploads\/sites\/3\/2021\/09\/materiel-medical-17-320x202.jpg\" class=\"attachment-blog-medium size-blog-medium\" alt=\"\" \/><\/a><\/div><\/div><\/li><\/ul><div class=\"fusion-carousel-nav\"><span class=\"fusion-nav-prev\"><\/span><span class=\"fusion-nav-next\"><\/span><\/div><\/div><\/div><\/div><\/div><\/div><style type=\"text\/css\">.fusion-body .fusion-builder-column-0{width:100% !important;margin-top : 0px;margin-bottom : 20px;}.fusion-builder-column-0 > .fusion-column-wrapper {padding-top : 0px !important;padding-right : 0px !important;margin-right : 1.92%;padding-bottom : 0px !important;padding-left : 0px !important;margin-left : 1.92%;}@media only screen and (max-width:1024px) {.fusion-body .fusion-builder-column-0{width:100% !important;order : 0;}.fusion-builder-column-0 > .fusion-column-wrapper {margin-right : 1.92%;margin-left : 1.92%;}}@media only screen and (max-width:640px) {.fusion-body .fusion-builder-column-0{width:100% !important;order : 0;}.fusion-builder-column-0 > .fusion-column-wrapper {margin-right : 1.92%;margin-left : 1.92%;}}<\/style><\/div><style type=\"text\/css\">.fusion-body .fusion-flex-container.fusion-builder-row-1{ padding-top : 0px;margin-top : 0px;padding-right : 150px;padding-bottom : 0px;margin-bottom : 0px;padding-left : 150px;}<\/style><\/div>\n","protected":false},"excerpt":{"rendered":"","protected":false},"author":5,"featured_media":0,"parent":0,"menu_order":0,"comment_status":"closed","ping_status":"closed","template":"","meta":{"footnotes":""},"yoast_head":"<!-- This site is optimized with the Yoast SEO plugin v22.0 - https:\/\/yoast.com\/wordpress\/plugins\/seo\/ -->\n<title>Photos du magasin de Bressuire (79)<\/title>\n<meta name=\"description\" content=\"D\u00e9couvrez en photo l&#039;int\u00e9rieur et l\u2019ext\u00e9rieur le magasin d&#039;\u00e9quipements de sant\u00e9 \u00e0 Bressuire (Deux-S\u00e8vres 79).\" \/>\n<meta name=\"robots\" content=\"index, follow, max-snippet:-1, max-image-preview:large, max-video-preview:-1\" \/>\n<link rel=\"canonical\" href=\"https:\/\/www.techniciendesante.fr\/magasins\/o-plus-medical\/photos\/\" \/>\n<meta property=\"og:locale\" content=\"fr_FR\" \/>\n<meta property=\"og:type\" content=\"article\" \/>\n<meta property=\"og:title\" content=\"Photos du magasin de Bressuire (79)\" \/>\n<meta property=\"og:description\" content=\"D\u00e9couvrez en photo l&#039;int\u00e9rieur et l\u2019ext\u00e9rieur le magasin d&#039;\u00e9quipements de sant\u00e9 \u00e0 Bressuire (Deux-S\u00e8vres 79).\" \/>\n<meta property=\"og:url\" content=\"https:\/\/www.techniciendesante.fr\/magasins\/o-plus-medical\/photos\/\" \/>\n<meta property=\"og:site_name\" content=\"Oplus Medical\" \/>\n<meta property=\"article:modified_time\" content=\"2021-09-30T13:52:01+00:00\" \/>\n<meta name=\"twitter:card\" content=\"summary_large_image\" \/>\n<meta name=\"twitter:label1\" content=\"Dur\u00e9e de lecture estim\u00e9e\" \/>\n\t<meta name=\"twitter:data1\" content=\"5 minutes\" \/>\n<script type=\"application\/ld+json\" class=\"yoast-schema-graph\">{\"@context\":\"https:\/\/schema.org\",\"@graph\":[{\"@type\":\"WebPage\",\"@id\":\"https:\/\/www.techniciendesante.fr\/magasins\/o-plus-medical\/photos\/\",\"url\":\"https:\/\/www.techniciendesante.fr\/magasins\/o-plus-medical\/photos\/\",\"name\":\"Photos du magasin de Bressuire (79)\",\"isPartOf\":{\"@id\":\"https:\/\/www.techniciendesante.fr\/magasins\/o-plus-medical\/#website\"},\"datePublished\":\"2021-06-15T13:36:14+00:00\",\"dateModified\":\"2021-09-30T13:52:01+00:00\",\"description\":\"D\u00e9couvrez en photo l'int\u00e9rieur et l\u2019ext\u00e9rieur le magasin d'\u00e9quipements de sant\u00e9 \u00e0 Bressuire (Deux-S\u00e8vres 79).\",\"breadcrumb\":{\"@id\":\"https:\/\/www.techniciendesante.fr\/magasins\/o-plus-medical\/photos\/#breadcrumb\"},\"inLanguage\":\"fr-FR\",\"potentialAction\":[{\"@type\":\"ReadAction\",\"target\":[\"https:\/\/www.techniciendesante.fr\/magasins\/o-plus-medical\/photos\/\"]}]},{\"@type\":\"BreadcrumbList\",\"@id\":\"https:\/\/www.techniciendesante.fr\/magasins\/o-plus-medical\/photos\/#breadcrumb\",\"itemListElement\":[{\"@type\":\"ListItem\",\"position\":1,\"name\":\"Accueil\",\"item\":\"https:\/\/www.techniciendesante.fr\/magasins\/o-plus-medical\/\"},{\"@type\":\"ListItem\",\"position\":2,\"name\":\"Photos du magasin de Bressuire\"}]},{\"@type\":\"WebSite\",\"@id\":\"https:\/\/www.techniciendesante.fr\/magasins\/o-plus-medical\/#website\",\"url\":\"https:\/\/www.techniciendesante.fr\/magasins\/o-plus-medical\/\",\"name\":\"Oplus Medical\",\"description\":\"Technicien de sant\u00e9\",\"potentialAction\":[{\"@type\":\"SearchAction\",\"target\":{\"@type\":\"EntryPoint\",\"urlTemplate\":\"https:\/\/www.techniciendesante.fr\/magasins\/o-plus-medical\/?s={search_term_string}\"},\"query-input\":\"required name=search_term_string\"}],\"inLanguage\":\"fr-FR\"}]}<\/script>\n<!-- \/ Yoast SEO plugin. -->","yoast_head_json":{"title":"Photos du magasin de Bressuire (79)","description":"D\u00e9couvrez en photo l'int\u00e9rieur et l\u2019ext\u00e9rieur le magasin d'\u00e9quipements de sant\u00e9 \u00e0 Bressuire (Deux-S\u00e8vres 79).","robots":{"index":"index","follow":"follow","max-snippet":"max-snippet:-1","max-image-preview":"max-image-preview:large","max-video-preview":"max-video-preview:-1"},"canonical":"https:\/\/www.techniciendesante.fr\/magasins\/o-plus-medical\/photos\/","og_locale":"fr_FR","og_type":"article","og_title":"Photos du magasin de Bressuire (79)","og_description":"D\u00e9couvrez en photo l'int\u00e9rieur et l\u2019ext\u00e9rieur le magasin d'\u00e9quipements de sant\u00e9 \u00e0 Bressuire (Deux-S\u00e8vres 79).","og_url":"https:\/\/www.techniciendesante.fr\/magasins\/o-plus-medical\/photos\/","og_site_name":"Oplus Medical","article_modified_time":"2021-09-30T13:52:01+00:00","twitter_card":"summary_large_image","twitter_misc":{"Dur\u00e9e de lecture estim\u00e9e":"5 minutes"},"schema":{"@context":"https:\/\/schema.org","@graph":[{"@type":"WebPage","@id":"https:\/\/www.techniciendesante.fr\/magasins\/o-plus-medical\/photos\/","url":"https:\/\/www.techniciendesante.fr\/magasins\/o-plus-medical\/photos\/","name":"Photos du magasin de Bressuire (79)","isPartOf":{"@id":"https:\/\/www.techniciendesante.fr\/magasins\/o-plus-medical\/#website"},"datePublished":"2021-06-15T13:36:14+00:00","dateModified":"2021-09-30T13:52:01+00:00","description":"D\u00e9couvrez en photo l'int\u00e9rieur et l\u2019ext\u00e9rieur le magasin d'\u00e9quipements de sant\u00e9 \u00e0 Bressuire (Deux-S\u00e8vres 79).","breadcrumb":{"@id":"https:\/\/www.techniciendesante.fr\/magasins\/o-plus-medical\/photos\/#breadcrumb"},"inLanguage":"fr-FR","potentialAction":[{"@type":"ReadAction","target":["https:\/\/www.techniciendesante.fr\/magasins\/o-plus-medical\/photos\/"]}]},{"@type":"BreadcrumbList","@id":"https:\/\/www.techniciendesante.fr\/magasins\/o-plus-medical\/photos\/#breadcrumb","itemListElement":[{"@type":"ListItem","position":1,"name":"Accueil","item":"https:\/\/www.techniciendesante.fr\/magasins\/o-plus-medical\/"},{"@type":"ListItem","position":2,"name":"Photos du magasin de Bressuire"}]},{"@type":"WebSite","@id":"https:\/\/www.techniciendesante.fr\/magasins\/o-plus-medical\/#website","url":"https:\/\/www.techniciendesante.fr\/magasins\/o-plus-medical\/","name":"Oplus Medical","description":"Technicien de sant\u00e9","potentialAction":[{"@type":"SearchAction","target":{"@type":"EntryPoint","urlTemplate":"https:\/\/www.techniciendesante.fr\/magasins\/o-plus-medical\/?s={search_term_string}"},"query-input":"required name=search_term_string"}],"inLanguage":"fr-FR"}]}},"_links":{"self":[{"href":"https:\/\/www.techniciendesante.fr\/magasins\/o-plus-medical\/wp-json\/wp\/v2\/pages\/12"}],"collection":[{"href":"https:\/\/www.techniciendesante.fr\/magasins\/o-plus-medical\/wp-json\/wp\/v2\/pages"}],"about":[{"href":"https:\/\/www.techniciendesante.fr\/magasins\/o-plus-medical\/wp-json\/wp\/v2\/types\/page"}],"author":[{"embeddable":true,"href":"https:\/\/www.techniciendesante.fr\/magasins\/o-plus-medical\/wp-json\/wp\/v2\/users\/5"}],"replies":[{"embeddable":true,"href":"https:\/\/www.techniciendesante.fr\/magasins\/o-plus-medical\/wp-json\/wp\/v2\/comments?post=12"}],"version-history":[{"count":18,"href":"https:\/\/www.techniciendesante.fr\/magasins\/o-plus-medical\/wp-json\/wp\/v2\/pages\/12\/revisions"}],"predecessor-version":[{"id":553,"href":"https:\/\/www.techniciendesante.fr\/magasins\/o-plus-medical\/wp-json\/wp\/v2\/pages\/12\/revisions\/553"}],"wp:attachment":[{"href":"https:\/\/www.techniciendesante.fr\/magasins\/o-plus-medical\/wp-json\/wp\/v2\/media?parent=12"}],"curies":[{"name":"wp","href":"https:\/\/api.w.org\/{rel}","templated":true}]}}