






{"id":22,"date":"2021-06-15T15:39:04","date_gmt":"2021-06-15T13:39:04","guid":{"rendered":"https:\/\/www.techniciendesante.fr\/o-plus-medical\/?page_id=22"},"modified":"2021-09-30T15:37:32","modified_gmt":"2021-09-30T13:37:32","slug":"pro-et-etablissement-de-sante","status":"publish","type":"page","link":"https:\/\/www.techniciendesante.fr\/magasins\/o-plus-medical\/pro-et-etablissement-de-sante\/","title":{"rendered":"Mat\u00e9riel m\u00e9dical pour professionnels et \u00e9tablissements de sant\u00e9"},"content":{"rendered":"<div class=\"fusion-fullwidth fullwidth-box fusion-builder-row-1 fusion-flex-container nonhundred-percent-fullwidth non-hundred-percent-height-scrolling\" style=\"background-color: rgba(255,255,255,0);background-position: center center;background-repeat: no-repeat;border-width: 0px 0px 0px 0px;border-color:#e2e2e2;border-style:solid;\" ><div class=\"fusion-builder-row fusion-row fusion-flex-align-items-flex-start\" style=\"max-width:1996.8;margin-left: calc(-4% \/ 2 );margin-right: calc(-4% \/ 2 );\"><div class=\"fusion-layout-column fusion_builder_column fusion-builder-column-0 fusion_builder_column_1_1 1_1 fusion-flex-column\"><div class=\"fusion-column-wrapper fusion-flex-justify-content-flex-start fusion-content-layout-column\" style=\"background-position:left top;background-repeat:no-repeat;-webkit-background-size:cover;-moz-background-size:cover;-o-background-size:cover;background-size:cover;padding: 0px 0px 0px 0px;\"><div class=\"fusion-text fusion-text-1\" style=\"transform:translate3d(0,0,0);\"><h1 style=\"text-align: center;\">Professionnels <span style=\"color: #0096da;\">et<\/span><br \/>\n\u00e9tablissements de sant\u00e9<\/h1>\n<p style=\"text-align: center;\"><strong>____________________________________________<\/strong><\/p>\n<h2 style=\"text-align: center;\"><div class=\"fusion-lottie fusion-lottie-1\" data-id=\"1\" style=\"margin-top:1;margin-bottom:1;\"><div class=\"fusion-lottie-animation lg-mx-auto\" data-path=\"https:\/\/www.techniciendesante.fr\/magasins\/o-plus-medical\/wp-content\/uploads\/sites\/3\/2021\/09\/21474-medical-frontliners.json\" data-loop=\"1\" data-reverse=\"0\" data-speed=\"1\" data-trigger=\"none\" style=\"width:100%;max-width:440px;\"><\/div><\/div><\/h2>\n<h2><span style=\"color: #0096da;\">Pour les professionnels de sant\u00e9 :<\/span><\/h2>\n<p>Vous \u00eates un professionnel de sant\u00e9 ? <strong>Un m\u00e9decin, une infirmi\u00e8re, un kin\u00e9sith\u00e9rapeute\u2026<\/strong><br \/>\nD\u00e9couvrez notre espace pour les professionnels de sant\u00e9, regroupant tout l\u2019\u00e9quipement adapt\u00e9 \u00e0 votre activit\u00e9 au meilleur prix : gants d\u2019examen, draps d\u2019examen, seringues, savons et gels hydroalcooliques, sets de soin, mobilier pour cabinet m\u00e9dical, instrumentation, diagnostic\u2026<br \/>\nLes Techniciens de Sant\u00e9 interviennent sur place pour \u00e9valuer votre besoin, vous conseiller et vous informer sur l\u2019utilisation du mat\u00e9riel m\u00e9dical.<\/p>\n<h2><span style=\"color: #0096da;\">Pour les EHPAD, les r\u00e9sidences autonomies, les h\u00f4pitaux, les cliniques :<\/span><\/h2>\n<p><strong>O+ M\u00e9dical \u2013 technicien de sant\u00e9 Bressuire<\/strong> intervient quotidiennement au sein de structures, nous avons pour mission d\u2019apporter des r\u00e9ponses rapides, techniques et professionnelles aux besoins des r\u00e9sidents et aux attentes des \u00e9tablissements.<\/p>\n<p>Un <strong>logiciel de gestion sp\u00e9cifique Ehpad<\/strong> est mis \u00e0 disposition gratuitement de tous nos \u00e9tablissements partenaires permettant de passer des commandes de dispositifs m\u00e9dicaux, d\u2019avoir un suivi informatique des locations et d\u2019optimiser la gestion de l\u2019incontinence.<\/p>\n<div class=\"pos-top pos-center align_left column_parent col-lg-12 boomapps_vccolumn single-internal-gutter\">\n<div class=\"uncol style-light\">\n<div class=\"uncoltable\">\n<div class=\"uncell boomapps_vccolumn no-block-padding\">\n<div class=\"uncont\">\n<div class=\"uncode_text_column tds_color_light top-t-bottom animate_when_almost_visible\" data-delay=\"700\">\n<p><strong>Vous cherchez des renseignements ? N\u2019h\u00e9sitez pas \u00e0 nous contacter<\/strong><\/p>\n<\/div>\n<p><span class=\"btn-container\"><a class=\"custom-link btn btn-lg border-width-0 btn_tds_premium btn-color-508752 btn-round btn-shadow-sm btn-italic btn-icon-left btn-ripple-in btn-border-animated\" href=\"https:\/\/www.techniciendesante.fr\/magasins\/o-plus-medical\/contact-2\/\"><div class=\"fusion-alignleft\"><style type=\"text\/css\">.fusion-button.button-1 {border-radius:4px;}<\/style><a class=\"fusion-button button-flat button-xlarge button-default button-1 fusion-button-default-span fusion-button-default-type fusion-animated\" data-animationType=\"fadeInLeft\" data-animationDuration=\"0.6\" data-animationOffset=\"100%\" target=\"_self\" href=\"https:\/\/www.techniciendesante.fr\/magasins\/o-plus-medical\/contact-2\/\"><i class=\"fa-phone-alt fas button-icon-left\" aria-hidden=\"true\"><\/i><span class=\"fusion-button-text\">Contactez un conseiller<\/span><\/a><\/div><\/a><\/span><\/p>\n<\/div>\n<\/div>\n<\/div>\n<\/div>\n<\/div>\n<\/div><\/div><\/div><style type=\"text\/css\">.fusion-body .fusion-builder-column-0{width:100% !important;margin-top : 0px;margin-bottom : 20px;}.fusion-builder-column-0 > .fusion-column-wrapper {padding-top : 0px !important;padding-right : 0px !important;margin-right : 1.92%;padding-bottom : 0px !important;padding-left : 0px !important;margin-left : 1.92%;}@media only screen and (max-width:1024px) {.fusion-body .fusion-builder-column-0{width:100% !important;order : 0;}.fusion-builder-column-0 > .fusion-column-wrapper {margin-right : 1.92%;margin-left : 1.92%;}}@media only screen and (max-width:640px) {.fusion-body .fusion-builder-column-0{width:100% !important;order : 0;}.fusion-builder-column-0 > .fusion-column-wrapper {margin-right : 1.92%;margin-left : 1.92%;}}<\/style><\/div><style type=\"text\/css\">.fusion-body .fusion-flex-container.fusion-builder-row-1{ padding-top : 0px;margin-top : 0px;padding-right : 150px;padding-bottom : 0px;margin-bottom : 0px;padding-left : 150px;}<\/style><\/div>\n","protected":false},"excerpt":{"rendered":"","protected":false},"author":5,"featured_media":0,"parent":0,"menu_order":0,"comment_status":"closed","ping_status":"closed","template":"","meta":{"footnotes":""},"yoast_head":"<!-- This site is optimized with the Yoast SEO plugin v22.0 - https:\/\/yoast.com\/wordpress\/plugins\/seo\/ -->\n<title>Mat\u00e9riel m\u00e9dical pour professionnels et \u00e9tablissements de sant\u00e9<\/title>\n<meta name=\"robots\" content=\"index, follow, max-snippet:-1, max-image-preview:large, max-video-preview:-1\" \/>\n<link rel=\"canonical\" href=\"https:\/\/www.techniciendesante.fr\/magasins\/o-plus-medical\/pro-et-etablissement-de-sante\/\" \/>\n<meta property=\"og:locale\" content=\"fr_FR\" \/>\n<meta property=\"og:type\" content=\"article\" \/>\n<meta property=\"og:title\" content=\"Mat\u00e9riel m\u00e9dical pour professionnels et \u00e9tablissements de sant\u00e9\" \/>\n<meta property=\"og:url\" content=\"https:\/\/www.techniciendesante.fr\/magasins\/o-plus-medical\/pro-et-etablissement-de-sante\/\" \/>\n<meta property=\"og:site_name\" content=\"Oplus Medical\" \/>\n<meta property=\"article:modified_time\" content=\"2021-09-30T13:37:32+00:00\" \/>\n<meta name=\"twitter:card\" content=\"summary_large_image\" \/>\n<meta name=\"twitter:label1\" content=\"Dur\u00e9e de lecture estim\u00e9e\" \/>\n\t<meta name=\"twitter:data1\" content=\"5 minutes\" \/>\n<script type=\"application\/ld+json\" class=\"yoast-schema-graph\">{\"@context\":\"https:\/\/schema.org\",\"@graph\":[{\"@type\":\"WebPage\",\"@id\":\"https:\/\/www.techniciendesante.fr\/magasins\/o-plus-medical\/pro-et-etablissement-de-sante\/\",\"url\":\"https:\/\/www.techniciendesante.fr\/magasins\/o-plus-medical\/pro-et-etablissement-de-sante\/\",\"name\":\"Mat\u00e9riel m\u00e9dical pour professionnels et \u00e9tablissements de sant\u00e9\",\"isPartOf\":{\"@id\":\"https:\/\/www.techniciendesante.fr\/magasins\/o-plus-medical\/#website\"},\"datePublished\":\"2021-06-15T13:39:04+00:00\",\"dateModified\":\"2021-09-30T13:37:32+00:00\",\"breadcrumb\":{\"@id\":\"https:\/\/www.techniciendesante.fr\/magasins\/o-plus-medical\/pro-et-etablissement-de-sante\/#breadcrumb\"},\"inLanguage\":\"fr-FR\",\"potentialAction\":[{\"@type\":\"ReadAction\",\"target\":[\"https:\/\/www.techniciendesante.fr\/magasins\/o-plus-medical\/pro-et-etablissement-de-sante\/\"]}]},{\"@type\":\"BreadcrumbList\",\"@id\":\"https:\/\/www.techniciendesante.fr\/magasins\/o-plus-medical\/pro-et-etablissement-de-sante\/#breadcrumb\",\"itemListElement\":[{\"@type\":\"ListItem\",\"position\":1,\"name\":\"Accueil\",\"item\":\"https:\/\/www.techniciendesante.fr\/magasins\/o-plus-medical\/\"},{\"@type\":\"ListItem\",\"position\":2,\"name\":\"Mat\u00e9riel m\u00e9dical pour professionnels et \u00e9tablissements de sant\u00e9\"}]},{\"@type\":\"WebSite\",\"@id\":\"https:\/\/www.techniciendesante.fr\/magasins\/o-plus-medical\/#website\",\"url\":\"https:\/\/www.techniciendesante.fr\/magasins\/o-plus-medical\/\",\"name\":\"Oplus Medical\",\"description\":\"Technicien de sant\u00e9\",\"potentialAction\":[{\"@type\":\"SearchAction\",\"target\":{\"@type\":\"EntryPoint\",\"urlTemplate\":\"https:\/\/www.techniciendesante.fr\/magasins\/o-plus-medical\/?s={search_term_string}\"},\"query-input\":\"required name=search_term_string\"}],\"inLanguage\":\"fr-FR\"}]}<\/script>\n<!-- \/ Yoast SEO plugin. -->","yoast_head_json":{"title":"Mat\u00e9riel m\u00e9dical pour professionnels et \u00e9tablissements de sant\u00e9","robots":{"index":"index","follow":"follow","max-snippet":"max-snippet:-1","max-image-preview":"max-image-preview:large","max-video-preview":"max-video-preview:-1"},"canonical":"https:\/\/www.techniciendesante.fr\/magasins\/o-plus-medical\/pro-et-etablissement-de-sante\/","og_locale":"fr_FR","og_type":"article","og_title":"Mat\u00e9riel m\u00e9dical pour professionnels et \u00e9tablissements de sant\u00e9","og_url":"https:\/\/www.techniciendesante.fr\/magasins\/o-plus-medical\/pro-et-etablissement-de-sante\/","og_site_name":"Oplus Medical","article_modified_time":"2021-09-30T13:37:32+00:00","twitter_card":"summary_large_image","twitter_misc":{"Dur\u00e9e de lecture estim\u00e9e":"5 minutes"},"schema":{"@context":"https:\/\/schema.org","@graph":[{"@type":"WebPage","@id":"https:\/\/www.techniciendesante.fr\/magasins\/o-plus-medical\/pro-et-etablissement-de-sante\/","url":"https:\/\/www.techniciendesante.fr\/magasins\/o-plus-medical\/pro-et-etablissement-de-sante\/","name":"Mat\u00e9riel m\u00e9dical pour professionnels et \u00e9tablissements de sant\u00e9","isPartOf":{"@id":"https:\/\/www.techniciendesante.fr\/magasins\/o-plus-medical\/#website"},"datePublished":"2021-06-15T13:39:04+00:00","dateModified":"2021-09-30T13:37:32+00:00","breadcrumb":{"@id":"https:\/\/www.techniciendesante.fr\/magasins\/o-plus-medical\/pro-et-etablissement-de-sante\/#breadcrumb"},"inLanguage":"fr-FR","potentialAction":[{"@type":"ReadAction","target":["https:\/\/www.techniciendesante.fr\/magasins\/o-plus-medical\/pro-et-etablissement-de-sante\/"]}]},{"@type":"BreadcrumbList","@id":"https:\/\/www.techniciendesante.fr\/magasins\/o-plus-medical\/pro-et-etablissement-de-sante\/#breadcrumb","itemListElement":[{"@type":"ListItem","position":1,"name":"Accueil","item":"https:\/\/www.techniciendesante.fr\/magasins\/o-plus-medical\/"},{"@type":"ListItem","position":2,"name":"Mat\u00e9riel m\u00e9dical pour professionnels et \u00e9tablissements de sant\u00e9"}]},{"@type":"WebSite","@id":"https:\/\/www.techniciendesante.fr\/magasins\/o-plus-medical\/#website","url":"https:\/\/www.techniciendesante.fr\/magasins\/o-plus-medical\/","name":"Oplus Medical","description":"Technicien de sant\u00e9","potentialAction":[{"@type":"SearchAction","target":{"@type":"EntryPoint","urlTemplate":"https:\/\/www.techniciendesante.fr\/magasins\/o-plus-medical\/?s={search_term_string}"},"query-input":"required name=search_term_string"}],"inLanguage":"fr-FR"}]}},"_links":{"self":[{"href":"https:\/\/www.techniciendesante.fr\/magasins\/o-plus-medical\/wp-json\/wp\/v2\/pages\/22"}],"collection":[{"href":"https:\/\/www.techniciendesante.fr\/magasins\/o-plus-medical\/wp-json\/wp\/v2\/pages"}],"about":[{"href":"https:\/\/www.techniciendesante.fr\/magasins\/o-plus-medical\/wp-json\/wp\/v2\/types\/page"}],"author":[{"embeddable":true,"href":"https:\/\/www.techniciendesante.fr\/magasins\/o-plus-medical\/wp-json\/wp\/v2\/users\/5"}],"replies":[{"embeddable":true,"href":"https:\/\/www.techniciendesante.fr\/magasins\/o-plus-medical\/wp-json\/wp\/v2\/comments?post=22"}],"version-history":[{"count":17,"href":"https:\/\/www.techniciendesante.fr\/magasins\/o-plus-medical\/wp-json\/wp\/v2\/pages\/22\/revisions"}],"predecessor-version":[{"id":526,"href":"https:\/\/www.techniciendesante.fr\/magasins\/o-plus-medical\/wp-json\/wp\/v2\/pages\/22\/revisions\/526"}],"wp:attachment":[{"href":"https:\/\/www.techniciendesante.fr\/magasins\/o-plus-medical\/wp-json\/wp\/v2\/media?parent=22"}],"curies":[{"name":"wp","href":"https:\/\/api.w.org\/{rel}","templated":true}]}}