






{"id":20,"date":"2021-06-15T15:37:46","date_gmt":"2021-06-15T13:37:46","guid":{"rendered":"https:\/\/www.techniciendesante.fr\/sanary\/?page_id=20"},"modified":"2024-02-06T17:09:39","modified_gmt":"2024-02-06T16:09:39","slug":"maintien-a-domicile","status":"publish","type":"page","link":"https:\/\/www.techniciendesante.fr\/magasins\/sanary\/maintien-a-domicile\/","title":{"rendered":"Mat\u00e9riel m\u00e9dical au domicile \u00e0 Sanary-sur-Mer (Var)"},"content":{"rendered":"<div class=\"fusion-fullwidth fullwidth-box fusion-builder-row-1 fusion-flex-container nonhundred-percent-fullwidth non-hundred-percent-height-scrolling\" style=\"background-color: rgba(255,255,255,0);background-position: center center;background-repeat: no-repeat;border-width: 0px 0px 0px 0px;border-color:#e2e2e2;border-style:solid;\" ><div class=\"fusion-builder-row fusion-row fusion-flex-align-items-flex-start\" style=\"max-width:1996.8;margin-left: calc(-4% \/ 2 );margin-right: calc(-4% \/ 2 );\"><div class=\"fusion-layout-column fusion_builder_column fusion-builder-column-0 fusion_builder_column_1_1 1_1 fusion-flex-column\"><div class=\"fusion-column-wrapper fusion-flex-justify-content-flex-start fusion-content-layout-column\" style=\"background-position:left top;background-repeat:no-repeat;-webkit-background-size:cover;-moz-background-size:cover;-o-background-size:cover;background-size:cover;padding: 0px 0px 0px 0px;\"><div class=\"fusion-text fusion-text-1\" style=\"transform:translate3d(0,0,0);\"><h1 style=\"text-align: center\">Mat\u00e9riel m\u00e9dical<br \/>\n<span style=\"color: #0096da\"><strong>au domicile<br \/>\n<\/strong><\/span><\/h1>\n<p style=\"text-align: center\"><strong>____________________________________________<\/strong><\/p>\n<h2 style=\"text-align: center\">Var (83)<\/h2>\n<p><strong>Gr\u00e2ce \u00e0 sa centrale d\u2019achat unique et sa puissance d\u2019achat,<\/strong> Medic-Sanary adh\u00e9rent \u00ab\u00a0Technicien de Sant\u00e9 (ex-La Vitrine M\u00e9dicale)\u00a0\u00bb vous garantit des <strong>tarifs comp\u00e9titifs.<\/strong><\/p>\n<p>La diversit\u00e9 de notre expertise vous assure la comp\u00e9tence des conseils :<\/p>\n<p><strong><em>Incontinence<\/em> :<\/strong> les meilleurs produits \u00e0 des prix comp\u00e9titifs gr\u00e2ce \u00e0 notre carte fid\u00e9lit\u00e9 (-20% sur toute la gamme \u00ab\u00a0HEXA\u00a0\u00bb)<\/p>\n<p><strong><em>Traitement des escarres<\/em> : <\/strong>matelas, coussin et cales de positionnement pour la pr\u00e9vention, pansement pour le traitement. Boissons et repas hyperprot\u00e9in\u00e9s pour la nutrition orale.<\/p>\n<p><strong><em>Am\u00e9nagement de salle de bain<\/em> :<\/strong> si\u00e8ge pivotant de baignoire, chaise de douche, chaises perc\u00e9s, poignets, barres et rehausse WC\u2026<\/p>\n<p><strong><em>Aide et confort<\/em> :<\/strong> fauteuils releveurs, pinces de pr\u00e9hension, bouillottes\u2026oreillers anatomique \u00e0 m\u00e9moire de forme<\/p>\n<p><strong><em>Mobilit\u00e9 et transferts<\/em> :<\/strong> fauteuils roulants, fauteuils coquilles, soul\u00e8ve malades\u2026<\/p>\n<p>Notre conseiller technique pourra vous orienter sur le\u00a0<strong>fauteuil roulant<\/strong> (manuel ou \u00e9lectrique), les gardes robes ou les soul\u00e8ve-malades les mieux adapt\u00e9s \u00e0 vos aptitudes, votre taille et \u00e0 votre environnement. Dans un soucis d&rsquo;ergonomie, \u00e0 la recherche du positionnement optimal, nous prendrons vos mesures pour un fauteuil adapt\u00e9 \u00e0 votre mode de vie et vos aptitudes m\u00e9dicales.<\/p>\n<p>Notre secteur d\u2019activit\u00e9 s\u2019\u00e9tend de La Ciotat, Saint-Cyr-sur-Mer, Bandol, Sanary, Six Fours, La Seyne-sur-Mer, Ollioules et Toulon, pour toutes vos probl\u00e9matiques de mat\u00e9riel m\u00e9dical.<\/p>\n<\/div><div class=\"fusion-text fusion-text-2\" style=\"transform:translate3d(0,0,0);\"><h2 style=\"text-align: center\">Nos univers de <span style=\"color: #0096da\"><strong>produits<\/strong><\/span><\/h2>\n<p style=\"text-align: center\"><strong>____________________________________________<\/strong><\/p>\n<\/div><div class=\"fusion-flip-boxes flip-boxes row fusion-columns-3 flip-effect-3d\"><div class=\"fusion-flip-box-wrapper fusion-column col-lg-4 col-md-4 col-sm-4\"><div class=\"fusion-flip-box flip-right\" tabindex=\"0\"><div class=\"flip-box-inner-wrapper\"><div class=\"flip-box-front\" style=\"background-color:#0096da;border-color:rgba(0,0,0,0);border-radius:6px;border-style:solid;border-width:1px;color:#4a4e57;transition-duration:0.8s;\"><div class=\"flip-box-front-inner\"><div class=\"flip-box-grafix flip-box-circle\" style=\"background-color:#ffffff;border-color:#0096da;\"><i aria-hidden=\"true\" class=\"fa-tint-slash fas\" style=\"color:#0096da;\"><\/i><\/div><h2 class=\"flip-box-heading without-text\" style=\"color:#f9f9fb;\">Hygi\u00e8ne, Soins, Incontinence<\/h2><\/div><\/div><div class=\"flip-box-back\" style=\"background-color:#1d5ca5;border-color:rgba(0,0,0,0);border-radius:6px;border-style:solid;border-width:1px;color:rgba(255,255,255,0.8);transition-duration:0.8s;\"><div class=\"flip-box-back-inner\"><h3 class=\"flip-box-heading-back\" style=\"color:#ffffff;\">Retrouvez tous nos produits li\u00e9s \u00e0 l'hygi\u00e8ne, aux soins et \u00e0 l'incontinence<\/h3>\n<p><img decoding=\"async\" class=\"alignnone size-full wp-image-270\" src=\"https:\/\/www.techniciendesante.fr\/sanary\/wp-content\/uploads\/sites\/4\/2021\/09\/inco.jpg\" alt=\"\" width=\"225\" height=\"320\" srcset=\"https:\/\/www.techniciendesante.fr\/magasins\/sanary\/wp-content\/uploads\/sites\/4\/2021\/09\/inco-200x284.jpg 200w, https:\/\/www.techniciendesante.fr\/magasins\/sanary\/wp-content\/uploads\/sites\/4\/2021\/09\/inco-211x300.jpg 211w, https:\/\/www.techniciendesante.fr\/magasins\/sanary\/wp-content\/uploads\/sites\/4\/2021\/09\/inco.jpg 225w\" sizes=\"(max-width: 225px) 100vw, 225px\" \/><\/p>\n<\/div><\/div><\/div><\/div><\/div><div class=\"fusion-flip-box-wrapper fusion-column col-lg-4 col-md-4 col-sm-4\"><div class=\"fusion-flip-box flip-right\" tabindex=\"0\"><div class=\"flip-box-inner-wrapper\"><div class=\"flip-box-front\" style=\"background-color:#0096da;border-color:rgba(0,0,0,0);border-radius:6px;border-style:solid;border-width:1px;color:#4a4e57;transition-duration:0.8s;\"><div class=\"flip-box-front-inner\"><div class=\"flip-box-grafix flip-box-circle\" style=\"background-color:#ffffff;border-color:#0096da;\"><i aria-hidden=\"true\" class=\"fa-wheelchair fas\" style=\"color:#0096da;\"><\/i><\/div><h2 class=\"flip-box-heading without-text\" style=\"color:#f9f9fb;\">Mobilit\u00e9<\/h2><\/div><\/div><div class=\"flip-box-back\" style=\"background-color:#1d5ca5;border-color:rgba(0,0,0,0);border-radius:6px;border-style:solid;border-width:1px;color:rgba(255,255,255,0.8);transition-duration:0.8s;\"><div class=\"flip-box-back-inner\"><h3 class=\"flip-box-heading-back\" style=\"color:#ffffff;\">Retrouvez tous nos fauteuils roulants, d\u00e9ambulateurs, cannes...<\/h3>\n<p><img decoding=\"async\" class=\"alignnone size-full wp-image-492\" src=\"https:\/\/www.techniciendesante.fr\/sanary\/wp-content\/uploads\/sites\/4\/2021\/09\/fauteuil-roulant-1.jpg\" alt=\"\" width=\"225\" height=\"320\" srcset=\"https:\/\/www.techniciendesante.fr\/magasins\/sanary\/wp-content\/uploads\/sites\/4\/2021\/09\/fauteuil-roulant-1-200x284.jpg 200w, https:\/\/www.techniciendesante.fr\/magasins\/sanary\/wp-content\/uploads\/sites\/4\/2021\/09\/fauteuil-roulant-1-211x300.jpg 211w, https:\/\/www.techniciendesante.fr\/magasins\/sanary\/wp-content\/uploads\/sites\/4\/2021\/09\/fauteuil-roulant-1.jpg 225w\" sizes=\"(max-width: 225px) 100vw, 225px\" \/><\/p>\n<\/div><\/div><\/div><\/div><\/div><div class=\"fusion-flip-box-wrapper fusion-column col-lg-4 col-md-4 col-sm-4\"><div class=\"fusion-flip-box flip-right\" tabindex=\"0\"><div class=\"flip-box-inner-wrapper\"><div class=\"flip-box-front\" style=\"background-color:#0096da;border-color:rgba(0,0,0,0);border-radius:6px;border-style:solid;border-width:1px;color:#4a4e57;transition-duration:0.8s;\"><div class=\"flip-box-front-inner\"><div class=\"flip-box-grafix flip-box-circle\" style=\"background-color:#ffffff;border-color:#0096da;\"><i aria-hidden=\"true\" class=\"fa-toilet-paper fas\" style=\"color:#0096da;\"><\/i><\/div><h2 class=\"flip-box-heading without-text\" style=\"color:#f9f9fb;\">Univers des toilettes<\/h2><\/div><\/div><div class=\"flip-box-back\" style=\"background-color:#1d5ca5;border-color:rgba(0,0,0,0);border-radius:6px;border-style:solid;border-width:1px;color:rgba(255,255,255,0.8);transition-duration:0.8s;\"><div class=\"flip-box-back-inner\"><h3 class=\"flip-box-heading-back\" style=\"color:#ffffff;\">Retrouvez tous les articles pour la toilette : chaises perc\u00e9es, urinaux...<\/h3>\n<p><img decoding=\"async\" class=\"alignnone size-full wp-image-494\" src=\"https:\/\/www.techniciendesante.fr\/sanary\/wp-content\/uploads\/sites\/4\/2021\/09\/toilettes.jpg\" alt=\"\" width=\"225\" height=\"320\" srcset=\"https:\/\/www.techniciendesante.fr\/magasins\/sanary\/wp-content\/uploads\/sites\/4\/2021\/09\/toilettes-200x284.jpg 200w, https:\/\/www.techniciendesante.fr\/magasins\/sanary\/wp-content\/uploads\/sites\/4\/2021\/09\/toilettes-211x300.jpg 211w, https:\/\/www.techniciendesante.fr\/magasins\/sanary\/wp-content\/uploads\/sites\/4\/2021\/09\/toilettes.jpg 225w\" sizes=\"(max-width: 225px) 100vw, 225px\" \/><\/p>\n<\/div><\/div><\/div><\/div><\/div><div class=\"fusion-flip-box-wrapper fusion-column col-lg-4 col-md-4 col-sm-4\"><div class=\"fusion-flip-box flip-right\" tabindex=\"0\"><div class=\"flip-box-inner-wrapper\"><div class=\"flip-box-front\" style=\"background-color:#0096da;border-color:rgba(0,0,0,0);border-radius:6px;border-style:solid;border-width:1px;color:#4a4e57;transition-duration:0.8s;\"><div class=\"flip-box-front-inner\"><div class=\"flip-box-grafix flip-box-circle\" style=\"background-color:#ffffff;border-color:#0096da;\"><i aria-hidden=\"true\" class=\"fa-shower fas\" style=\"color:#0096da;\"><\/i><\/div><h2 class=\"flip-box-heading without-text\" style=\"color:#f9f9fb;\">Univers de la douche<\/h2><\/div><\/div><div class=\"flip-box-back\" style=\"background-color:#1d5ca5;border-color:rgba(0,0,0,0);border-radius:6px;border-style:solid;border-width:1px;color:rgba(255,255,255,0.8);transition-duration:0.8s;\"><div class=\"flip-box-back-inner\"><h3 class=\"flip-box-heading-back\" style=\"color:#ffffff;\">Retrouvez les chaises et tabourets de douches, barres de maintien, etc<\/h3>\n<p><img decoding=\"async\" class=\"alignnone size-full wp-image-497\" src=\"https:\/\/www.techniciendesante.fr\/sanary\/wp-content\/uploads\/sites\/4\/2021\/09\/douche.jpg\" alt=\"\" width=\"225\" height=\"320\" srcset=\"https:\/\/www.techniciendesante.fr\/magasins\/sanary\/wp-content\/uploads\/sites\/4\/2021\/09\/douche-200x284.jpg 200w, https:\/\/www.techniciendesante.fr\/magasins\/sanary\/wp-content\/uploads\/sites\/4\/2021\/09\/douche-211x300.jpg 211w, https:\/\/www.techniciendesante.fr\/magasins\/sanary\/wp-content\/uploads\/sites\/4\/2021\/09\/douche.jpg 225w\" sizes=\"(max-width: 225px) 100vw, 225px\" \/><\/p>\n<\/div><\/div><\/div><\/div><\/div><div class=\"fusion-flip-box-wrapper fusion-column col-lg-4 col-md-4 col-sm-4\"><div class=\"fusion-flip-box flip-right\" tabindex=\"0\"><div class=\"flip-box-inner-wrapper\"><div class=\"flip-box-front\" style=\"background-color:#0096da;border-color:rgba(0,0,0,0);border-radius:6px;border-style:solid;border-width:1px;color:#4a4e57;transition-duration:0.8s;\"><div class=\"flip-box-front-inner\"><div class=\"flip-box-grafix flip-box-circle\" style=\"background-color:#ffffff;border-color:#0096da;\"><i aria-hidden=\"true\" class=\"fa-bath fas\" style=\"color:#0096da;\"><\/i><\/div><h2 class=\"flip-box-heading without-text\" style=\"color:#f9f9fb;\">Univers du bain<\/h2><\/div><\/div><div class=\"flip-box-back\" style=\"background-color:#1d5ca5;border-color:rgba(0,0,0,0);border-radius:6px;border-style:solid;border-width:1px;color:rgba(255,255,255,0.8);transition-duration:0.8s;\"><div class=\"flip-box-back-inner\"><h3 class=\"flip-box-heading-back\" style=\"color:#ffffff;\">Tout l'aide au bain pour les s\u00e9niors : marche-pied, planche de bain, etc<\/h3>\n<p><img decoding=\"async\" class=\"alignnone size-full wp-image-499\" src=\"https:\/\/www.techniciendesante.fr\/sanary\/wp-content\/uploads\/sites\/4\/2021\/09\/bain-1.jpg\" alt=\"\" width=\"225\" height=\"320\" srcset=\"https:\/\/www.techniciendesante.fr\/magasins\/sanary\/wp-content\/uploads\/sites\/4\/2021\/09\/bain-1-200x284.jpg 200w, https:\/\/www.techniciendesante.fr\/magasins\/sanary\/wp-content\/uploads\/sites\/4\/2021\/09\/bain-1-211x300.jpg 211w, https:\/\/www.techniciendesante.fr\/magasins\/sanary\/wp-content\/uploads\/sites\/4\/2021\/09\/bain-1.jpg 225w\" sizes=\"(max-width: 225px) 100vw, 225px\" \/><\/p>\n<\/div><\/div><\/div><\/div><\/div><div class=\"fusion-flip-box-wrapper fusion-column col-lg-4 col-md-4 col-sm-4\"><div class=\"fusion-flip-box flip-right\" tabindex=\"0\"><div class=\"flip-box-inner-wrapper\"><div class=\"flip-box-front\" style=\"background-color:#0096da;border-color:rgba(0,0,0,0);border-radius:6px;border-style:solid;border-width:1px;color:#4a4e57;transition-duration:0.8s;\"><div class=\"flip-box-front-inner\"><div class=\"flip-box-grafix flip-box-circle\" style=\"background-color:#ffffff;border-color:#0096da;\"><i aria-hidden=\"true\" class=\"fa-bed fas\" style=\"color:#0096da;\"><\/i><\/div><h2 class=\"flip-box-heading without-text\" style=\"color:#f9f9fb;\">Univers de la chambre<\/h2><\/div><\/div><div class=\"flip-box-back\" style=\"background-color:#1d5ca5;border-color:rgba(0,0,0,0);border-radius:6px;border-style:solid;border-width:1px;color:rgba(255,255,255,0.8);transition-duration:0.8s;\"><div class=\"flip-box-back-inner\"><h3 class=\"flip-box-heading-back\" style=\"color:#ffffff;\">Tablettes de lit, matelas anti-escarres, oreiller \u00e0 m\u00e9moire de forme<\/h3>\n<p><img decoding=\"async\" class=\"alignnone size-full wp-image-503\" src=\"https:\/\/www.techniciendesante.fr\/sanary\/wp-content\/uploads\/sites\/4\/2021\/09\/chambre.jpg\" alt=\"\" width=\"225\" height=\"320\" srcset=\"https:\/\/www.techniciendesante.fr\/magasins\/sanary\/wp-content\/uploads\/sites\/4\/2021\/09\/chambre-200x284.jpg 200w, https:\/\/www.techniciendesante.fr\/magasins\/sanary\/wp-content\/uploads\/sites\/4\/2021\/09\/chambre-211x300.jpg 211w, https:\/\/www.techniciendesante.fr\/magasins\/sanary\/wp-content\/uploads\/sites\/4\/2021\/09\/chambre.jpg 225w\" sizes=\"(max-width: 225px) 100vw, 225px\" \/><\/p>\n<\/div><\/div><\/div><\/div><\/div><div class=\"fusion-flip-box-wrapper fusion-column col-lg-4 col-md-4 col-sm-4\"><div class=\"fusion-flip-box flip-right\" tabindex=\"0\"><div class=\"flip-box-inner-wrapper\"><div class=\"flip-box-front\" style=\"background-color:#0096da;border-color:rgba(0,0,0,0);border-radius:6px;border-style:solid;border-width:1px;color:#4a4e57;transition-duration:0.8s;\"><div class=\"flip-box-front-inner\"><div class=\"flip-box-grafix flip-box-circle\" style=\"background-color:#ffffff;border-color:#0096da;\"><i aria-hidden=\"true\" class=\"fa-couch fas\" style=\"color:#0096da;\"><\/i><\/div><h2 class=\"flip-box-heading without-text\" style=\"color:#f9f9fb;\">Bien-\u00eatre et sant\u00e9<\/h2><\/div><\/div><div class=\"flip-box-back\" style=\"background-color:#1d5ca5;border-color:rgba(0,0,0,0);border-radius:6px;border-style:solid;border-width:1px;color:rgba(255,255,255,0.8);transition-duration:0.8s;\"><div class=\"flip-box-back-inner\"><h3 class=\"flip-box-heading-back\" style=\"color:#ffffff;\">Nos fauteuils releveurs...<\/h3>\n<p><img decoding=\"async\" class=\"alignnone size-full wp-image-505\" src=\"https:\/\/www.techniciendesante.fr\/sanary\/wp-content\/uploads\/sites\/4\/2021\/09\/fauteuil-releveur.jpg\" alt=\"\" width=\"225\" height=\"320\" srcset=\"https:\/\/www.techniciendesante.fr\/magasins\/sanary\/wp-content\/uploads\/sites\/4\/2021\/09\/fauteuil-releveur-200x284.jpg 200w, https:\/\/www.techniciendesante.fr\/magasins\/sanary\/wp-content\/uploads\/sites\/4\/2021\/09\/fauteuil-releveur-211x300.jpg 211w, https:\/\/www.techniciendesante.fr\/magasins\/sanary\/wp-content\/uploads\/sites\/4\/2021\/09\/fauteuil-releveur.jpg 225w\" sizes=\"(max-width: 225px) 100vw, 225px\" \/><\/p>\n<\/div><\/div><\/div><\/div><\/div><\/div><\/div><\/div><style type=\"text\/css\">.fusion-body .fusion-builder-column-0{width:100% !important;margin-top : 0px;margin-bottom : 20px;}.fusion-builder-column-0 > .fusion-column-wrapper {padding-top : 0px !important;padding-right : 0px !important;margin-right : 1.92%;padding-bottom : 0px !important;padding-left : 0px !important;margin-left : 1.92%;}@media only screen and (max-width:1024px) {.fusion-body .fusion-builder-column-0{width:100% !important;order : 0;}.fusion-builder-column-0 > .fusion-column-wrapper {margin-right : 1.92%;margin-left : 1.92%;}}@media only screen and (max-width:640px) {.fusion-body .fusion-builder-column-0{width:100% !important;order : 0;}.fusion-builder-column-0 > .fusion-column-wrapper {margin-right : 1.92%;margin-left : 1.92%;}}<\/style><\/div><style type=\"text\/css\">.fusion-body .fusion-flex-container.fusion-builder-row-1{ padding-top : 0px;margin-top : 0px;padding-right : 150px;padding-bottom : 0px;margin-bottom : 0px;padding-left : 150px;}<\/style><\/div>\n","protected":false},"excerpt":{"rendered":"","protected":false},"author":5,"featured_media":0,"parent":0,"menu_order":0,"comment_status":"closed","ping_status":"closed","template":"","meta":{"footnotes":""},"yoast_head":"<!-- This site is optimized with the Yoast SEO plugin v22.0 - https:\/\/yoast.com\/wordpress\/plugins\/seo\/ -->\n<title>Mat\u00e9riel m\u00e9dical au domicile \u00e0 Sanary-sur-Mer (Var)<\/title>\n<meta name=\"description\" content=\"Le magasin de Sanary vous propose tout le mat\u00e9riel m\u00e9dical : aides techniques et de confort afin de faciliter le maintien \u00e0 domicile des personnes \u00e2g\u00e9es mais aussi en situation de handicap.\" \/>\n<meta name=\"robots\" content=\"index, follow, max-snippet:-1, max-image-preview:large, max-video-preview:-1\" \/>\n<link rel=\"canonical\" href=\"https:\/\/www.techniciendesante.fr\/magasins\/sanary\/maintien-a-domicile\/\" \/>\n<meta property=\"og:locale\" content=\"fr_FR\" \/>\n<meta property=\"og:type\" content=\"article\" \/>\n<meta property=\"og:title\" content=\"Mat\u00e9riel m\u00e9dical au domicile \u00e0 Sanary-sur-Mer (Var)\" \/>\n<meta property=\"og:description\" content=\"Le magasin de Sanary vous propose tout le mat\u00e9riel m\u00e9dical : aides techniques et de confort afin de faciliter le maintien \u00e0 domicile des personnes \u00e2g\u00e9es mais aussi en situation de handicap.\" \/>\n<meta property=\"og:url\" content=\"https:\/\/www.techniciendesante.fr\/magasins\/sanary\/maintien-a-domicile\/\" \/>\n<meta property=\"og:site_name\" content=\"Sanary\" \/>\n<meta property=\"article:modified_time\" content=\"2024-02-06T16:09:39+00:00\" \/>\n<meta property=\"og:image\" content=\"https:\/\/www.techniciendesante.fr\/sanary\/wp-content\/uploads\/sites\/4\/2021\/09\/inco.jpg\" \/>\n<meta name=\"twitter:card\" content=\"summary_large_image\" \/>\n<meta name=\"twitter:label1\" content=\"Dur\u00e9e de lecture estim\u00e9e\" \/>\n\t<meta name=\"twitter:data1\" content=\"6 minutes\" \/>\n<script type=\"application\/ld+json\" class=\"yoast-schema-graph\">{\"@context\":\"https:\/\/schema.org\",\"@graph\":[{\"@type\":\"WebPage\",\"@id\":\"https:\/\/www.techniciendesante.fr\/magasins\/sanary\/maintien-a-domicile\/\",\"url\":\"https:\/\/www.techniciendesante.fr\/magasins\/sanary\/maintien-a-domicile\/\",\"name\":\"Mat\u00e9riel m\u00e9dical au domicile \u00e0 Sanary-sur-Mer (Var)\",\"isPartOf\":{\"@id\":\"https:\/\/www.techniciendesante.fr\/magasins\/sanary\/#website\"},\"datePublished\":\"2021-06-15T13:37:46+00:00\",\"dateModified\":\"2024-02-06T16:09:39+00:00\",\"description\":\"Le magasin de Sanary vous propose tout le mat\u00e9riel m\u00e9dical : aides techniques et de confort afin de faciliter le maintien \u00e0 domicile des personnes \u00e2g\u00e9es mais aussi en situation de handicap.\",\"breadcrumb\":{\"@id\":\"https:\/\/www.techniciendesante.fr\/magasins\/sanary\/maintien-a-domicile\/#breadcrumb\"},\"inLanguage\":\"fr-FR\",\"potentialAction\":[{\"@type\":\"ReadAction\",\"target\":[\"https:\/\/www.techniciendesante.fr\/magasins\/sanary\/maintien-a-domicile\/\"]}]},{\"@type\":\"BreadcrumbList\",\"@id\":\"https:\/\/www.techniciendesante.fr\/magasins\/sanary\/maintien-a-domicile\/#breadcrumb\",\"itemListElement\":[{\"@type\":\"ListItem\",\"position\":1,\"name\":\"Accueil\",\"item\":\"https:\/\/www.techniciendesante.fr\/magasins\/sanary\/\"},{\"@type\":\"ListItem\",\"position\":2,\"name\":\"Mat\u00e9riel m\u00e9dical au domicile \u00e0 Sanary-sur-Mer (Var)\"}]},{\"@type\":\"WebSite\",\"@id\":\"https:\/\/www.techniciendesante.fr\/magasins\/sanary\/#website\",\"url\":\"https:\/\/www.techniciendesante.fr\/magasins\/sanary\/\",\"name\":\"Sanary\",\"description\":\"Technicien de sant\u00e9\",\"potentialAction\":[{\"@type\":\"SearchAction\",\"target\":{\"@type\":\"EntryPoint\",\"urlTemplate\":\"https:\/\/www.techniciendesante.fr\/magasins\/sanary\/?s={search_term_string}\"},\"query-input\":\"required name=search_term_string\"}],\"inLanguage\":\"fr-FR\"}]}<\/script>\n<!-- \/ Yoast SEO plugin. -->","yoast_head_json":{"title":"Mat\u00e9riel m\u00e9dical au domicile \u00e0 Sanary-sur-Mer (Var)","description":"Le magasin de Sanary vous propose tout le mat\u00e9riel m\u00e9dical : aides techniques et de confort afin de faciliter le maintien \u00e0 domicile des personnes \u00e2g\u00e9es mais aussi en situation de handicap.","robots":{"index":"index","follow":"follow","max-snippet":"max-snippet:-1","max-image-preview":"max-image-preview:large","max-video-preview":"max-video-preview:-1"},"canonical":"https:\/\/www.techniciendesante.fr\/magasins\/sanary\/maintien-a-domicile\/","og_locale":"fr_FR","og_type":"article","og_title":"Mat\u00e9riel m\u00e9dical au domicile \u00e0 Sanary-sur-Mer (Var)","og_description":"Le magasin de Sanary vous propose tout le mat\u00e9riel m\u00e9dical : aides techniques et de confort afin de faciliter le maintien \u00e0 domicile des personnes \u00e2g\u00e9es mais aussi en situation de handicap.","og_url":"https:\/\/www.techniciendesante.fr\/magasins\/sanary\/maintien-a-domicile\/","og_site_name":"Sanary","article_modified_time":"2024-02-06T16:09:39+00:00","og_image":[{"url":"https:\/\/www.techniciendesante.fr\/sanary\/wp-content\/uploads\/sites\/4\/2021\/09\/inco.jpg"}],"twitter_card":"summary_large_image","twitter_misc":{"Dur\u00e9e de lecture estim\u00e9e":"6 minutes"},"schema":{"@context":"https:\/\/schema.org","@graph":[{"@type":"WebPage","@id":"https:\/\/www.techniciendesante.fr\/magasins\/sanary\/maintien-a-domicile\/","url":"https:\/\/www.techniciendesante.fr\/magasins\/sanary\/maintien-a-domicile\/","name":"Mat\u00e9riel m\u00e9dical au domicile \u00e0 Sanary-sur-Mer (Var)","isPartOf":{"@id":"https:\/\/www.techniciendesante.fr\/magasins\/sanary\/#website"},"datePublished":"2021-06-15T13:37:46+00:00","dateModified":"2024-02-06T16:09:39+00:00","description":"Le magasin de Sanary vous propose tout le mat\u00e9riel m\u00e9dical : aides techniques et de confort afin de faciliter le maintien \u00e0 domicile des personnes \u00e2g\u00e9es mais aussi en situation de handicap.","breadcrumb":{"@id":"https:\/\/www.techniciendesante.fr\/magasins\/sanary\/maintien-a-domicile\/#breadcrumb"},"inLanguage":"fr-FR","potentialAction":[{"@type":"ReadAction","target":["https:\/\/www.techniciendesante.fr\/magasins\/sanary\/maintien-a-domicile\/"]}]},{"@type":"BreadcrumbList","@id":"https:\/\/www.techniciendesante.fr\/magasins\/sanary\/maintien-a-domicile\/#breadcrumb","itemListElement":[{"@type":"ListItem","position":1,"name":"Accueil","item":"https:\/\/www.techniciendesante.fr\/magasins\/sanary\/"},{"@type":"ListItem","position":2,"name":"Mat\u00e9riel m\u00e9dical au domicile \u00e0 Sanary-sur-Mer (Var)"}]},{"@type":"WebSite","@id":"https:\/\/www.techniciendesante.fr\/magasins\/sanary\/#website","url":"https:\/\/www.techniciendesante.fr\/magasins\/sanary\/","name":"Sanary","description":"Technicien de sant\u00e9","potentialAction":[{"@type":"SearchAction","target":{"@type":"EntryPoint","urlTemplate":"https:\/\/www.techniciendesante.fr\/magasins\/sanary\/?s={search_term_string}"},"query-input":"required name=search_term_string"}],"inLanguage":"fr-FR"}]}},"_links":{"self":[{"href":"https:\/\/www.techniciendesante.fr\/magasins\/sanary\/wp-json\/wp\/v2\/pages\/20"}],"collection":[{"href":"https:\/\/www.techniciendesante.fr\/magasins\/sanary\/wp-json\/wp\/v2\/pages"}],"about":[{"href":"https:\/\/www.techniciendesante.fr\/magasins\/sanary\/wp-json\/wp\/v2\/types\/page"}],"author":[{"embeddable":true,"href":"https:\/\/www.techniciendesante.fr\/magasins\/sanary\/wp-json\/wp\/v2\/users\/5"}],"replies":[{"embeddable":true,"href":"https:\/\/www.techniciendesante.fr\/magasins\/sanary\/wp-json\/wp\/v2\/comments?post=20"}],"version-history":[{"count":83,"href":"https:\/\/www.techniciendesante.fr\/magasins\/sanary\/wp-json\/wp\/v2\/pages\/20\/revisions"}],"predecessor-version":[{"id":639,"href":"https:\/\/www.techniciendesante.fr\/magasins\/sanary\/wp-json\/wp\/v2\/pages\/20\/revisions\/639"}],"wp:attachment":[{"href":"https:\/\/www.techniciendesante.fr\/magasins\/sanary\/wp-json\/wp\/v2\/media?parent=20"}],"curies":[{"name":"wp","href":"https:\/\/api.w.org\/{rel}","templated":true}]}}